{"id":61685,"date":"2026-04-09T21:57:37","date_gmt":"2026-04-09T19:57:37","guid":{"rendered":"https:\/\/www.vilademuro.net\/encomiendas-de-gestion-y-encargos-a-medios-propios\/"},"modified":"2026-04-14T13:30:37","modified_gmt":"2026-04-14T11:30:37","slug":"encomiendas-de-gestion-y-encargos-a-medios-propios","status":"publish","type":"page","link":"https:\/\/www.vilademuro.net\/es\/encomiendas-de-gestion-y-encargos-a-medios-propios\/","title":{"rendered":"Encomiendas de gesti\u00f3n y encargos a medios propios"},"content":{"rendered":"<p>[et_pb_section fb_built=\u00bb1&#8243; _builder_version=\u00bb4.27.4&#8243; _module_preset=\u00bbdefault\u00bb global_colors_info=\u00bb{}\u00bb theme_builder_area=\u00bbpost_content\u00bb locked=\u00bboff\u00bb][et_pb_row column_structure=\u00bb1_4,1_4,1_4,1_4&#8243; _builder_version=\u00bb4.27.4&#8243; _module_preset=\u00bbdefault\u00bb module_alignment=\u00bbcenter\u00bb hover_enabled=\u00bb0&#8243; global_colors_info=\u00bb{}\u00bb theme_builder_area=\u00bbpost_content\u00bb sticky_enabled=\u00bb0&#8243;][et_pb_column type=\u00bb1_4&#8243; _builder_version=\u00bb4.27.4&#8243; _module_preset=\u00bbdefault\u00bb global_colors_info=\u00bb{}\u00bb theme_builder_area=\u00bbpost_content\u00bb][et_pb_image src=\u00bbhttps:\/\/www.vilademuro.net\/wp-content\/uploads\/2026\/04\/ICONO_CONVENIOS_N-1.png\u00bb title_text=\u00bbICONO_CONVENIOS_N (1)\u00bb _builder_version=\u00bb4.27.4&#8243; _module_preset=\u00bbdefault\u00bb width=\u00bb17%\u00bb hover_enabled=\u00bb0&#8243; global_colors_info=\u00bb{}\u00bb theme_builder_area=\u00bbpost_content\u00bb sticky_enabled=\u00bb0&#8243;][\/et_pb_image][\/et_pb_column][et_pb_column type=\u00bb1_4&#8243; _builder_version=\u00bb4.27.4&#8243; _module_preset=\u00bbdefault\u00bb global_colors_info=\u00bb{}\u00bb theme_builder_area=\u00bbpost_content\u00bb][et_pb_text _builder_version=\u00bb4.27.4&#8243; _module_preset=\u00bbdefault\u00bb text_font=\u00bb|600|||||||\u00bb text_text_color=\u00bb#000000&#8243; custom_margin=\u00bb|308px||-92%|false|false\u00bb hover_enabled=\u00bb0&#8243; global_colors_info=\u00bb{}\u00bb theme_builder_area=\u00bbpost_content\u00bb sticky_enabled=\u00bb0&#8243;]<\/p>\n<p><span>Convenios y encomiendas de gesti\u00f3n<\/span><\/p>\n<p>[\/et_pb_text][\/et_pb_column][et_pb_column type=\u00bb1_4&#8243; _builder_version=\u00bb4.27.4&#8243; _module_preset=\u00bbdefault\u00bb hover_enabled=\u00bb0&#8243; global_colors_info=\u00bb{}\u00bb theme_builder_area=\u00bbpost_content\u00bb sticky_enabled=\u00bb0&#8243;][et_pb_text _builder_version=\u00bb4.27.4&#8243; _module_preset=\u00bbdefault\u00bb text_text_color=\u00bb#89ad1d\u00bb text_line_height=\u00bb1.8em\u00bb custom_margin=\u00bb|||-306px|false|false\u00bb custom_padding=\u00bb|2px|||false|false\u00bb link_option_url=\u00bbhttps:\/\/www.vilademuro.net\/es\/portal-de-transparencia\/\u00bb hover_enabled=\u00bb0&#8243; text_line_height_phone=\u00bb1em\u00bb text_line_height_last_edited=\u00bboff|phone\u00bb locked=\u00bboff\u00bb global_colors_info=\u00bb{}\u00bb theme_builder_area=\u00bbpost_content\u00bb sticky_enabled=\u00bb0&#8243; link_text_color=\u00bb#89ad1d\u00bb]<\/p>\n<div style=\"text-align: left;\"><span style=\"color: #89ad1d; font-weight: bold; margin-right: 14px;\">\u276e<\/span> <strong>Inicio<\/strong><\/div>\n<p>[\/et_pb_text][\/et_pb_column][et_pb_column type=\u00bb1_4&#8243; _builder_version=\u00bb4.27.4&#8243; _module_preset=\u00bbdefault\u00bb global_colors_info=\u00bb{}\u00bb theme_builder_area=\u00bbpost_content\u00bb][et_pb_text _builder_version=\u00bb4.27.4&#8243; _module_preset=\u00bbdefault\u00bb text_text_color=\u00bb#89ad1d\u00bb text_line_height=\u00bb1.8em\u00bb custom_margin=\u00bb|||-530px|false|false\u00bb custom_padding=\u00bb||||false|false\u00bb link_option_url=\u00bbhttps:\/\/www.vilademuro.net\/es\/convenios-y-encomiendas-de-gestion\/\u00bb hover_enabled=\u00bb0&#8243; text_line_height_phone=\u00bb1em\u00bb text_line_height_last_edited=\u00bboff|phone\u00bb locked=\u00bboff\u00bb global_colors_info=\u00bb{}\u00bb theme_builder_area=\u00bbpost_content\u00bb sticky_enabled=\u00bb0&#8243;]<\/p>\n<div style=\"text-align: left;\"><span style=\"color: #89ad1d; font-weight: bold; margin-right: 14px;\">\u276e<\/span> <strong>Convenios y encomiendas de gesti\u00f3n<\/strong><\/div>\n<p>[\/et_pb_text][\/et_pb_column][\/et_pb_row][et_pb_row column_structure=\u00bb1_4,3_4&#8243; _builder_version=\u00bb4.27.4&#8243; _module_preset=\u00bbdefault\u00bb global_colors_info=\u00bb{}\u00bb theme_builder_area=\u00bbpost_content\u00bb][et_pb_column type=\u00bb1_4&#8243; _builder_version=\u00bb4.27.4&#8243; _module_preset=\u00bbdefault\u00bb global_colors_info=\u00bb{}\u00bb theme_builder_area=\u00bbpost_content\u00bb][et_pb_divider color=\u00bb#000000&#8243; _builder_version=\u00bb4.27.4&#8243; _module_preset=\u00bbdefault\u00bb custom_margin=\u00bb-52px||||false|false\u00bb global_colors_info=\u00bb{}\u00bb theme_builder_area=\u00bbpost_content\u00bb][\/et_pb_divider][\/et_pb_column][et_pb_column type=\u00bb3_4&#8243; _builder_version=\u00bb4.27.4&#8243; _module_preset=\u00bbdefault\u00bb global_colors_info=\u00bb{}\u00bb theme_builder_area=\u00bbpost_content\u00bb][et_pb_text _builder_version=\u00bb4.27.4&#8243; _module_preset=\u00bbdefault\u00bb text_font=\u00bb|600|||||||\u00bb text_text_color=\u00bb#89ad1d\u00bb text_font_size=\u00bb32px\u00bb custom_margin=\u00bb-56px||||false|false\u00bb hover_enabled=\u00bb0&#8243; locked=\u00bboff\u00bb global_colors_info=\u00bb{}\u00bb theme_builder_area=\u00bbpost_content\u00bb sticky_enabled=\u00bb0&#8243;]<\/p>\n<p>Encomiendas de gesti\u00f3n y encargos a medios propios<\/p>\n<p>[\/et_pb_text][\/et_pb_column][\/et_pb_row][et_pb_row column_structure=\u00bb1_4,3_4&#8243; _builder_version=\u00bb4.27.4&#8243; _module_preset=\u00bbdefault\u00bb global_colors_info=\u00bb{}\u00bb theme_builder_area=\u00bbpost_content\u00bb][et_pb_column type=\u00bb1_4&#8243; _builder_version=\u00bb4.27.4&#8243; _module_preset=\u00bbdefault\u00bb global_colors_info=\u00bb{}\u00bb theme_builder_area=\u00bbpost_content\u00bb][et_pb_accordion toggle_icon=\u00bb&#x33;||divi||400&#8243; icon_color=\u00bb#0a0000&#8243; _builder_version=\u00bb4.27.4&#8243; _module_preset=\u00bbdefault\u00bb hover_enabled=\u00bb0&#8243; global_colors_info=\u00bb{}\u00bb theme_builder_area=\u00bbpost_content\u00bb open_toggle_text_color=\u00bb#89ad1d\u00bb sticky_enabled=\u00bb0&#8243; custom_margin=\u00bb-100px||||false|false\u00bb locked=\u00bboff\u00bb][et_pb_accordion_item title=\u00bbInformaci\u00f3n de los convenios, encargos y adhesiones\u00bb open=\u00bbon\u00bb _builder_version=\u00bb4.27.4&#8243; _module_preset=\u00bbdefault\u00bb hover_enabled=\u00bb0&#8243; global_colors_info=\u00bb{}\u00bb theme_builder_area=\u00bbpost_content\u00bb sticky_enabled=\u00bb0&#8243; open_toggle_text_color=\u00bb#89ad1d\u00bb toggle_text_color=\u00bb#89ad1d\u00bb icon_color=\u00bb#89ad1d\u00bb toggle_font=\u00bb|600|||||||\u00bb toggle_font_size=\u00bb15px\u00bb]<\/p>\n<div style=\"font-family: -apple-system, BlinkMacSystemFont, 'Segoe UI', Roboto, Helvetica, Arial, sans-serif; text-align: left;\">\n<div style=\"border-bottom: 1px solid #e0e0e0;\"><a href=\"https:\/\/www.vilademuro.net\/es\/convenios\/\" style=\"display: block; padding: 4px 12px; color: #666; text-decoration: none; font-size: 15px;\">Convenios<\/a><\/div>\n<div><a href=\"https:\/\/www.vilademuro.net\/es\/encomiendas-de-gestion-y-encargos-a-medios-propios\/\" style=\"display: block; padding: 4px 12px; color: #666; text-decoration: none; font-size: 15px;\">Encomiendas de gesti\u00f3n y encargos a medios propios<\/a><\/div>\n<\/div>\n<p>[\/et_pb_accordion_item][\/et_pb_accordion][\/et_pb_column][et_pb_column type=\u00bb3_4&#8243; _builder_version=\u00bb4.27.4&#8243; _module_preset=\u00bbdefault\u00bb global_colors_info=\u00bb{}\u00bb theme_builder_area=\u00bbpost_content\u00bb][et_pb_text _builder_version=\u00bb4.27.4&#8243; _module_preset=\u00bbdefault\u00bb hover_enabled=\u00bb0&#8243; global_colors_info=\u00bb{}\u00bb theme_builder_area=\u00bbpost_content\u00bb custom_margin=\u00bb-60px||||false|false\u00bb sticky_enabled=\u00bb0&#8243; text_font_size=\u00bb17px\u00bb]<\/p>\n<p style=\"text-align: justify;\"><b>ENCOMIENDAS DE GESTI\u00d3N<\/b><\/p>\n<p style=\"text-align: justify;\"><span style=\"font-weight: 400;\">Es una forma de colaboraci\u00f3n entre dos administraciones p\u00fablicas. Se produce cuando un \u00f3rgano o entidad de una administraci\u00f3n encarga a otro \u00f3rgano o entidad la realizaci\u00f3n de actividades materiales o t\u00e9cnicas de su competencia. La caracter\u00edstica principal es que la titularidad de la competencia contin\u00faa siendo del \u00f3rgano que encarga la gesti\u00f3n, mientras que el \u00f3rgano a quien se le encarga solo ejecuta la actividad material.  <\/span><\/p>\n<p style=\"text-align: justify;\"><b>ENCARGOS A MEDIOS PROPIOS<\/b><\/p>\n<p style=\"text-align: justify;\"><span style=\"font-weight: 400;\">Un encargo a medio propio es un tipo particular de encomienda de gesti\u00f3n. Se trata de una figura mediante la cual una entidad del sector p\u00fablico (como un Ayuntamiento) encarga la realizaci\u00f3n de una prestaci\u00f3n a otra entidad que, legalmente, se considera un \u201cmedio propio personificado\u201d o \u201cservicio t\u00e9cnico\u201d. Estas entidades, como pueden ser empresas p\u00fablicas o sociedades mercantiles de capital \u00edntegramente p\u00fablico, est\u00e1n controladas por la administraci\u00f3n y se los encomiendan tareas que no se consideran contratos.  <\/span><\/p>\n<p style=\"text-align: justify;\"><span style=\"font-weight: 400;\">A continuaci\u00f3n, se indican aquellas encomiendas de gesti\u00f3n y encargos a medios propios vigentes:<\/span><\/p>\n<p style=\"text-align: justify;\"><a href=\"https:\/\/vilademuro.sedelectronica.es\/transparency\/8dc9a8a9-9f82-4d88-9ee6-dad5e9a81e45\/\" target=\"_blank\" rel=\"noopener\"><span style=\"font-weight: 400;\">ENCOMIENDAS DE GESTI\u00d3N Y ENCARGOS A MEDIOS PROPIOS<\/span><\/a><\/p>\n<p>[\/et_pb_text][\/et_pb_column][\/et_pb_row][\/et_pb_section]<\/p>\n","protected":false},"excerpt":{"rendered":"<p>Convenios y encomiendas de gesti\u00f3n\u276e Inicio\u276e Convenios y encomiendas de gesti\u00f3nEncomiendas de gesti\u00f3n y encargos a medios propios Convenios Encomiendas de gesti\u00f3n y encargos a medios propios ENCOMIENDAS DE GESTI\u00d3N [&hellip;]<\/p>\n","protected":false},"author":31,"featured_media":0,"parent":0,"menu_order":0,"comment_status":"closed","ping_status":"closed","template":"","meta":{"_et_pb_use_builder":"on","_et_pb_old_content":"","_et_gb_content_width":"","footnotes":""},"class_list":["post-61685","page","type-page","status-publish","hentry"],"yoast_head":"<!-- This site is optimized with the Yoast SEO plugin v27.1.1 - https:\/\/yoast.com\/product\/yoast-seo-wordpress\/ -->\n<title>Encomiendas de gesti\u00f3n y encargos a medios propios | Ajuntament de Muro<\/title>\n<meta name=\"robots\" content=\"index, follow, max-snippet:-1, max-image-preview:large, max-video-preview:-1\" \/>\n<link rel=\"canonical\" href=\"https:\/\/www.vilademuro.net\/es\/encomiendas-de-gestion-y-encargos-a-medios-propios\/\" \/>\n<meta property=\"og:locale\" content=\"es_ES\" \/>\n<meta property=\"og:type\" content=\"article\" \/>\n<meta property=\"og:title\" content=\"Encomiendas de gesti\u00f3n y encargos a medios propios | Ajuntament de Muro\" \/>\n<meta property=\"og:description\" content=\"Convenios y encomiendas de gesti\u00f3n\u276e Inicio\u276e Convenios y encomiendas de gesti\u00f3nEncomiendas de gesti\u00f3n y encargos a medios propios Convenios Encomiendas de gesti\u00f3n y encargos a medios propios ENCOMIENDAS DE GESTI\u00d3N [&hellip;]\" \/>\n<meta property=\"og:url\" content=\"https:\/\/www.vilademuro.net\/es\/encomiendas-de-gestion-y-encargos-a-medios-propios\/\" \/>\n<meta property=\"og:site_name\" content=\"Ajuntament de Muro\" \/>\n<meta property=\"article:publisher\" content=\"https:\/\/www.facebook.com\/murodealcoy\" \/>\n<meta property=\"article:modified_time\" content=\"2026-04-14T11:30:37+00:00\" \/>\n<meta property=\"og:image\" content=\"https:\/\/www.vilademuro.net\/wp-content\/uploads\/2019\/12\/logo-color-e1585225385776.jpg\" \/>\n\t<meta property=\"og:image:width\" content=\"30\" \/>\n\t<meta property=\"og:image:height\" content=\"59\" \/>\n\t<meta property=\"og:image:type\" content=\"image\/jpeg\" \/>\n<meta name=\"twitter:card\" content=\"summary_large_image\" \/>\n<meta name=\"twitter:site\" content=\"@AjuntamentMuro\" \/>\n<meta name=\"twitter:label1\" content=\"Tiempo de lectura\" \/>\n\t<meta name=\"twitter:data1\" content=\"4 minutos\" \/>\n<script type=\"application\/ld+json\" class=\"yoast-schema-graph\">{\"@context\":\"https:\/\/schema.org\",\"@graph\":[{\"@type\":\"WebPage\",\"@id\":\"https:\/\/www.vilademuro.net\/es\/encomiendas-de-gestion-y-encargos-a-medios-propios\/\",\"url\":\"https:\/\/www.vilademuro.net\/es\/encomiendas-de-gestion-y-encargos-a-medios-propios\/\",\"name\":\"Encomiendas de gesti\u00f3n y encargos a medios propios | Ajuntament de Muro\",\"isPartOf\":{\"@id\":\"https:\/\/www.vilademuro.net\/es\/#website\"},\"datePublished\":\"2026-04-09T19:57:37+00:00\",\"dateModified\":\"2026-04-14T11:30:37+00:00\",\"breadcrumb\":{\"@id\":\"https:\/\/www.vilademuro.net\/es\/encomiendas-de-gestion-y-encargos-a-medios-propios\/#breadcrumb\"},\"inLanguage\":\"es\",\"potentialAction\":[{\"@type\":\"ReadAction\",\"target\":[\"https:\/\/www.vilademuro.net\/es\/encomiendas-de-gestion-y-encargos-a-medios-propios\/\"]}]},{\"@type\":\"BreadcrumbList\",\"@id\":\"https:\/\/www.vilademuro.net\/es\/encomiendas-de-gestion-y-encargos-a-medios-propios\/#breadcrumb\",\"itemListElement\":[{\"@type\":\"ListItem\",\"position\":1,\"name\":\"Inici\",\"item\":\"https:\/\/www.vilademuro.net\/es\/\"},{\"@type\":\"ListItem\",\"position\":2,\"name\":\"Encomiendas de gesti\u00f3n y encargos a medios propios\"}]},{\"@type\":\"WebSite\",\"@id\":\"https:\/\/www.vilademuro.net\/es\/#website\",\"url\":\"https:\/\/www.vilademuro.net\/es\/\",\"name\":\"Ajuntament de Muro d'Alcoi\",\"description\":\"P\u00e1gina web oficial de l&#039;Ajuntament de Muro\",\"publisher\":{\"@id\":\"https:\/\/www.vilademuro.net\/es\/#organization\"},\"potentialAction\":[{\"@type\":\"SearchAction\",\"target\":{\"@type\":\"EntryPoint\",\"urlTemplate\":\"https:\/\/www.vilademuro.net\/es\/?s={search_term_string}\"},\"query-input\":{\"@type\":\"PropertyValueSpecification\",\"valueRequired\":true,\"valueName\":\"search_term_string\"}}],\"inLanguage\":\"es\"},{\"@type\":\"Organization\",\"@id\":\"https:\/\/www.vilademuro.net\/es\/#organization\",\"name\":\"Ajuntament de Muro\",\"url\":\"https:\/\/www.vilademuro.net\/es\/\",\"logo\":{\"@type\":\"ImageObject\",\"inLanguage\":\"es\",\"@id\":\"https:\/\/www.vilademuro.net\/es\/#\/schema\/logo\/image\/\",\"url\":\"https:\/\/www.vilademuro.net\/wp-content\/uploads\/2022\/10\/LOGO3-2.jpg\",\"contentUrl\":\"https:\/\/www.vilademuro.net\/wp-content\/uploads\/2022\/10\/LOGO3-2.jpg\",\"width\":756,\"height\":517,\"caption\":\"Ajuntament de Muro\"},\"image\":{\"@id\":\"https:\/\/www.vilademuro.net\/es\/#\/schema\/logo\/image\/\"},\"sameAs\":[\"https:\/\/www.facebook.com\/murodealcoy\",\"https:\/\/x.com\/AjuntamentMuro\",\"https:\/\/www.youtube.com\/channel\/UC2rwbKfRqsd1Ncwm6Y1prQw\"]}]}<\/script>\n<!-- \/ Yoast SEO plugin. -->","yoast_head_json":{"title":"Encomiendas de gesti\u00f3n y encargos a medios propios | Ajuntament de Muro","robots":{"index":"index","follow":"follow","max-snippet":"max-snippet:-1","max-image-preview":"max-image-preview:large","max-video-preview":"max-video-preview:-1"},"canonical":"https:\/\/www.vilademuro.net\/es\/encomiendas-de-gestion-y-encargos-a-medios-propios\/","og_locale":"es_ES","og_type":"article","og_title":"Encomiendas de gesti\u00f3n y encargos a medios propios | Ajuntament de Muro","og_description":"Convenios y encomiendas de gesti\u00f3n\u276e Inicio\u276e Convenios y encomiendas de gesti\u00f3nEncomiendas de gesti\u00f3n y encargos a medios propios Convenios Encomiendas de gesti\u00f3n y encargos a medios propios ENCOMIENDAS DE GESTI\u00d3N [&hellip;]","og_url":"https:\/\/www.vilademuro.net\/es\/encomiendas-de-gestion-y-encargos-a-medios-propios\/","og_site_name":"Ajuntament de Muro","article_publisher":"https:\/\/www.facebook.com\/murodealcoy","article_modified_time":"2026-04-14T11:30:37+00:00","og_image":[{"width":30,"height":59,"url":"https:\/\/www.vilademuro.net\/wp-content\/uploads\/2019\/12\/logo-color-e1585225385776.jpg","type":"image\/jpeg"}],"twitter_card":"summary_large_image","twitter_site":"@AjuntamentMuro","twitter_misc":{"Tiempo de lectura":"4 minutos"},"schema":{"@context":"https:\/\/schema.org","@graph":[{"@type":"WebPage","@id":"https:\/\/www.vilademuro.net\/es\/encomiendas-de-gestion-y-encargos-a-medios-propios\/","url":"https:\/\/www.vilademuro.net\/es\/encomiendas-de-gestion-y-encargos-a-medios-propios\/","name":"Encomiendas de gesti\u00f3n y encargos a medios propios | Ajuntament de Muro","isPartOf":{"@id":"https:\/\/www.vilademuro.net\/es\/#website"},"datePublished":"2026-04-09T19:57:37+00:00","dateModified":"2026-04-14T11:30:37+00:00","breadcrumb":{"@id":"https:\/\/www.vilademuro.net\/es\/encomiendas-de-gestion-y-encargos-a-medios-propios\/#breadcrumb"},"inLanguage":"es","potentialAction":[{"@type":"ReadAction","target":["https:\/\/www.vilademuro.net\/es\/encomiendas-de-gestion-y-encargos-a-medios-propios\/"]}]},{"@type":"BreadcrumbList","@id":"https:\/\/www.vilademuro.net\/es\/encomiendas-de-gestion-y-encargos-a-medios-propios\/#breadcrumb","itemListElement":[{"@type":"ListItem","position":1,"name":"Inici","item":"https:\/\/www.vilademuro.net\/es\/"},{"@type":"ListItem","position":2,"name":"Encomiendas de gesti\u00f3n y encargos a medios propios"}]},{"@type":"WebSite","@id":"https:\/\/www.vilademuro.net\/es\/#website","url":"https:\/\/www.vilademuro.net\/es\/","name":"Ajuntament de Muro d'Alcoi","description":"P\u00e1gina web oficial de l&#039;Ajuntament de Muro","publisher":{"@id":"https:\/\/www.vilademuro.net\/es\/#organization"},"potentialAction":[{"@type":"SearchAction","target":{"@type":"EntryPoint","urlTemplate":"https:\/\/www.vilademuro.net\/es\/?s={search_term_string}"},"query-input":{"@type":"PropertyValueSpecification","valueRequired":true,"valueName":"search_term_string"}}],"inLanguage":"es"},{"@type":"Organization","@id":"https:\/\/www.vilademuro.net\/es\/#organization","name":"Ajuntament de Muro","url":"https:\/\/www.vilademuro.net\/es\/","logo":{"@type":"ImageObject","inLanguage":"es","@id":"https:\/\/www.vilademuro.net\/es\/#\/schema\/logo\/image\/","url":"https:\/\/www.vilademuro.net\/wp-content\/uploads\/2022\/10\/LOGO3-2.jpg","contentUrl":"https:\/\/www.vilademuro.net\/wp-content\/uploads\/2022\/10\/LOGO3-2.jpg","width":756,"height":517,"caption":"Ajuntament de Muro"},"image":{"@id":"https:\/\/www.vilademuro.net\/es\/#\/schema\/logo\/image\/"},"sameAs":["https:\/\/www.facebook.com\/murodealcoy","https:\/\/x.com\/AjuntamentMuro","https:\/\/www.youtube.com\/channel\/UC2rwbKfRqsd1Ncwm6Y1prQw"]}]}},"_links":{"self":[{"href":"https:\/\/www.vilademuro.net\/es\/wp-json\/wp\/v2\/pages\/61685","targetHints":{"allow":["GET"]}}],"collection":[{"href":"https:\/\/www.vilademuro.net\/es\/wp-json\/wp\/v2\/pages"}],"about":[{"href":"https:\/\/www.vilademuro.net\/es\/wp-json\/wp\/v2\/types\/page"}],"author":[{"embeddable":true,"href":"https:\/\/www.vilademuro.net\/es\/wp-json\/wp\/v2\/users\/31"}],"replies":[{"embeddable":true,"href":"https:\/\/www.vilademuro.net\/es\/wp-json\/wp\/v2\/comments?post=61685"}],"version-history":[{"count":4,"href":"https:\/\/www.vilademuro.net\/es\/wp-json\/wp\/v2\/pages\/61685\/revisions"}],"predecessor-version":[{"id":61689,"href":"https:\/\/www.vilademuro.net\/es\/wp-json\/wp\/v2\/pages\/61685\/revisions\/61689"}],"wp:attachment":[{"href":"https:\/\/www.vilademuro.net\/es\/wp-json\/wp\/v2\/media?parent=61685"}],"curies":[{"name":"wp","href":"https:\/\/api.w.org\/{rel}","templated":true}]}}