{"id":61421,"date":"2026-04-09T20:08:45","date_gmt":"2026-04-09T18:08:45","guid":{"rendered":"https:\/\/www.vilademuro.net\/liquidacion-presupuestaria\/"},"modified":"2026-04-11T00:05:09","modified_gmt":"2026-04-10T22:05:09","slug":"liquidacion-presupuestaria","status":"publish","type":"page","link":"https:\/\/www.vilademuro.net\/es\/liquidacion-presupuestaria\/","title":{"rendered":"Liquidaci\u00f3n presupuestaria"},"content":{"rendered":"<p>[et_pb_section fb_built=\u00bb1&#8243; _builder_version=\u00bb4.27.4&#8243; _module_preset=\u00bbdefault\u00bb locked=\u00bboff\u00bb global_colors_info=\u00bb{}\u00bb theme_builder_area=\u00bbpost_content\u00bb][et_pb_row column_structure=\u00bb1_4,1_4,1_4,1_4&#8243; _builder_version=\u00bb4.27.4&#8243; _module_preset=\u00bbdefault\u00bb module_alignment=\u00bbcenter\u00bb global_colors_info=\u00bb{}\u00bb theme_builder_area=\u00bbpost_content\u00bb][et_pb_column type=\u00bb1_4&#8243; _builder_version=\u00bb4.27.4&#8243; _module_preset=\u00bbdefault\u00bb global_colors_info=\u00bb{}\u00bb theme_builder_area=\u00bbpost_content\u00bb][et_pb_image src=\u00bbhttps:\/\/www.vilademuro.net\/wp-content\/uploads\/2026\/04\/ICONO_PRESUPUESTARIA_N-1.png\u00bb title_text=\u00bbICONO_PRESUPUESTARIA_N (1)\u00bb _builder_version=\u00bb4.27.4&#8243; _module_preset=\u00bbdefault\u00bb width=\u00bb17%\u00bb global_colors_info=\u00bb{}\u00bb theme_builder_area=\u00bbpost_content\u00bb][\/et_pb_image][\/et_pb_column][et_pb_column type=\u00bb1_4&#8243; _builder_version=\u00bb4.27.4&#8243; _module_preset=\u00bbdefault\u00bb global_colors_info=\u00bb{}\u00bb theme_builder_area=\u00bbpost_content\u00bb][et_pb_text _builder_version=\u00bb4.27.4&#8243; _module_preset=\u00bbdefault\u00bb text_font=\u00bb|600|||||||\u00bb text_text_color=\u00bb#000000&#8243; custom_margin=\u00bb|308px||-92%|false|false\u00bb global_colors_info=\u00bb{}\u00bb theme_builder_area=\u00bbpost_content\u00bb]<\/p>\n<p><span>Econ\u00f3mica, financiera y presupuestaria<\/span><\/p>\n<p>[\/et_pb_text][\/et_pb_column][et_pb_column type=\u00bb1_4&#8243; _builder_version=\u00bb4.27.4&#8243; _module_preset=\u00bbdefault\u00bb global_colors_info=\u00bb{}\u00bb theme_builder_area=\u00bbpost_content\u00bb][et_pb_text _builder_version=\u00bb4.27.4&#8243; _module_preset=\u00bbdefault\u00bb text_text_color=\u00bb#89ad1d\u00bb text_line_height=\u00bb1.8em\u00bb link_text_color=\u00bb#89ad1d\u00bb custom_margin=\u00bb|||-306px|false|false\u00bb custom_padding=\u00bb|2px|||false|false\u00bb link_option_url=\u00bbhttps:\/\/www.vilademuro.net\/es\/portal-de-transparencia\/\u00bb text_line_height_phone=\u00bb1em\u00bb text_line_height_last_edited=\u00bboff|phone\u00bb locked=\u00bboff\u00bb global_colors_info=\u00bb{}\u00bb theme_builder_area=\u00bbpost_content\u00bb]<\/p>\n<div style=\"text-align: left;\"><span style=\"color: #89ad1d; font-weight: bold; margin-right: 14px;\">\u276e<\/span> <strong>Inicio<\/strong><\/div>\n<p>[\/et_pb_text][\/et_pb_column][et_pb_column type=\u00bb1_4&#8243; _builder_version=\u00bb4.27.4&#8243; _module_preset=\u00bbdefault\u00bb global_colors_info=\u00bb{}\u00bb theme_builder_area=\u00bbpost_content\u00bb][et_pb_text _builder_version=\u00bb4.27.4&#8243; _module_preset=\u00bbdefault\u00bb text_text_color=\u00bb#89ad1d\u00bb text_line_height=\u00bb1.8em\u00bb custom_margin=\u00bb|||-530px|false|false\u00bb custom_padding=\u00bb||||false|false\u00bb link_option_url=\u00bbhttps:\/\/www.vilademuro.net\/es\/economica-financiera-y-presupuestaria\/\u00bb text_line_height_phone=\u00bb1em\u00bb text_line_height_last_edited=\u00bboff|phone\u00bb locked=\u00bboff\u00bb global_colors_info=\u00bb{}\u00bb theme_builder_area=\u00bbpost_content\u00bb]<\/p>\n<div style=\"text-align: left;\"><span style=\"color: #89ad1d; font-weight: bold; margin-right: 14px;\">\u276e<\/span> <strong>Econ\u00f3mica, financiera y presupuestaria<\/strong><\/div>\n<p>[\/et_pb_text][\/et_pb_column][\/et_pb_row][et_pb_row column_structure=\u00bb1_4,3_4&#8243; _builder_version=\u00bb4.27.4&#8243; _module_preset=\u00bbdefault\u00bb global_colors_info=\u00bb{}\u00bb theme_builder_area=\u00bbpost_content\u00bb][et_pb_column type=\u00bb1_4&#8243; _builder_version=\u00bb4.27.4&#8243; _module_preset=\u00bbdefault\u00bb global_colors_info=\u00bb{}\u00bb theme_builder_area=\u00bbpost_content\u00bb][et_pb_divider color=\u00bb#000000&#8243; _builder_version=\u00bb4.27.4&#8243; _module_preset=\u00bbdefault\u00bb custom_margin=\u00bb-52px||||false|false\u00bb global_colors_info=\u00bb{}\u00bb theme_builder_area=\u00bbpost_content\u00bb][\/et_pb_divider][\/et_pb_column][et_pb_column type=\u00bb3_4&#8243; _builder_version=\u00bb4.27.4&#8243; _module_preset=\u00bbdefault\u00bb global_colors_info=\u00bb{}\u00bb theme_builder_area=\u00bbpost_content\u00bb][et_pb_text _builder_version=\u00bb4.27.4&#8243; _module_preset=\u00bbdefault\u00bb text_font=\u00bb|600|||||||\u00bb text_text_color=\u00bb#89ad1d\u00bb text_font_size=\u00bb32px\u00bb custom_margin=\u00bb-56px||||false|false\u00bb locked=\u00bboff\u00bb global_colors_info=\u00bb{}\u00bb theme_builder_area=\u00bbpost_content\u00bb]<\/p>\n<p>Liquidaci\u00f3n presupuestaria<\/p>\n<p>[\/et_pb_text][\/et_pb_column][\/et_pb_row][et_pb_row column_structure=\u00bb1_4,3_4&#8243; _builder_version=\u00bb4.27.4&#8243; _module_preset=\u00bbdefault\u00bb global_colors_info=\u00bb{}\u00bb theme_builder_area=\u00bbpost_content\u00bb][et_pb_column type=\u00bb1_4&#8243; _builder_version=\u00bb4.27.4&#8243; _module_preset=\u00bbdefault\u00bb global_colors_info=\u00bb{}\u00bb theme_builder_area=\u00bbpost_content\u00bb][et_pb_accordion open_toggle_text_color=\u00bb#89ad1d\u00bb toggle_icon=\u00bb&#x33;||divi||400&#8243; icon_color=\u00bb#0a0000&#8243; _builder_version=\u00bb4.27.4&#8243; _module_preset=\u00bbdefault\u00bb custom_margin=\u00bb-100px||||false|false\u00bb hover_enabled=\u00bb0&#8243; locked=\u00bboff\u00bb global_colors_info=\u00bb{}\u00bb theme_builder_area=\u00bbpost_content\u00bb sticky_enabled=\u00bb0&#8243;][et_pb_accordion_item title=\u00bbPresupuestos\u00bb open=\u00bbon\u00bb open_toggle_text_color=\u00bb#89ad1d\u00bb icon_color=\u00bb#89ad1d\u00bb _builder_version=\u00bb4.27.4&#8243; _module_preset=\u00bbdefault\u00bb hover_enabled=\u00bb0&#8243; global_colors_info=\u00bb{}\u00bb toggle_text_color=\u00bb#89ad1d\u00bb toggle_font=\u00bb|600|||||||\u00bb toggle_font_size=\u00bb15px\u00bb theme_builder_area=\u00bbpost_content\u00bb sticky_enabled=\u00bb0&#8243;]<\/p>\n<div style=\"font-family: -apple-system, BlinkMacSystemFont, 'Segoe UI', Roboto, Helvetica, Arial, sans-serif; text-align: left;\">\n<div style=\"border-bottom: 1px solid #e0e0e0;\"><a href=\"https:\/\/www.vilademuro.net\/es\/presupuestos\/\" style=\"display: block; padding: 4px 12px; color: #666; text-decoration: none; font-size: 15px;\">Presupuestos<\/a><\/div>\n<div style=\"border-bottom: 1px solid #e0e0e0;\"><a href=\"https:\/\/www.vilademuro.net\/es\/ejecucion-presupuestaria\/\" style=\"display: block; padding: 4px 12px; color: #666; text-decoration: none; font-size: 15px;\">Ejecuci\u00f3n presupuestaria<\/a><\/div>\n<div style=\"border-bottom: 1px solid #e0e0e0;\"><a href=\"https:\/\/www.vilademuro.net\/es\/liquidacion-presupuestaria\/\" style=\"display: block; padding: 4px 12px; color: #666; text-decoration: none; font-size: 15px;\">Liquidaci\u00f3n presupuestaria<\/a><\/div>\n<div style=\"border-bottom: 1px solid #e0e0e0;\"><a href=\"https:\/\/www.vilademuro.net\/es\/modificaciones-presupuestarias\/\" style=\"display: block; padding: 4px 12px; color: #666; text-decoration: none; font-size: 15px;\">Modificaciones presupuestarias<\/a><\/div>\n<div style=\"border-bottom: 1px solid #e0e0e0;\"><a href=\"https:\/\/www.vilademuro.net\/es\/estabilidad-presupuestaria-y-sostenibilidad-financiera\/\" style=\"display: block; padding: 4px 12px; color: #666; text-decoration: none; font-size: 15px;\">Estabilidad presupuestaria y sostenibilidad financiera<\/a><\/div>\n<div><a href=\"https:\/\/www.vilademuro.net\/es\/planes-presupuestarios\/\" style=\"display: block; padding: 4px 12px; color: #666; text-decoration: none; font-size: 15px;\">Planes presupuestarios<\/a><\/div>\n<\/div>\n<p>[\/et_pb_accordion_item][et_pb_accordion_item title=\u00bbCuenta general e informas de auditor\u00eda y fiscalizaci\u00f3n\u00bb open_toggle_text_color=\u00bb#89ad1d\u00bb icon_color=\u00bb#89ad1d\u00bb _builder_version=\u00bb4.27.4&#8243; _module_preset=\u00bbdefault\u00bb global_colors_info=\u00bb{}\u00bb toggle_text_color=\u00bb#89ad1d\u00bb toggle_font=\u00bb|600|||||||\u00bb toggle_font_size=\u00bb15px\u00bb theme_builder_area=\u00bbpost_content\u00bb open=\u00bboff\u00bb]<\/p>\n<div style=\"font-family: -apple-system, BlinkMacSystemFont, 'Segoe UI', Roboto, Helvetica, Arial, sans-serif; text-align: left;\">\n<div style=\"border-bottom: 1px solid #e0e0e0;\"><a href=\"https:\/\/www.vilademuro.net\/es\/cuenta-general\/\" style=\"display: block; padding: 4px 12px; color: #666; text-decoration: none; font-size: 15px;\">Cuenta general<\/a><\/div>\n<div><a href=\"https:\/\/www.vilademuro.net\/es\/auditoria-de-cuentas-y-fiscalizacion\/\" style=\"display: block; padding: 4px 12px; color: #666; text-decoration: none; font-size: 15px;\">Auditor\u00eda de cuentas y fiscalizaci\u00f3n<\/a><\/div>\n<\/div>\n<p>[\/et_pb_accordion_item][et_pb_accordion_item title=\u00bbInformaci\u00f3n econ\u00f3mica de los servicios\u00bb open_toggle_text_color=\u00bb#89ad1d\u00bb icon_color=\u00bb#89ad1d\u00bb _builder_version=\u00bb4.27.4&#8243; _module_preset=\u00bbdefault\u00bb global_colors_info=\u00bb{}\u00bb toggle_text_color=\u00bb#89ad1d\u00bb toggle_font=\u00bb|600|||||||\u00bb toggle_font_size=\u00bb15px\u00bb theme_builder_area=\u00bbpost_content\u00bb open=\u00bboff\u00bb]<\/p>\n<div style=\"font-family: -apple-system, BlinkMacSystemFont, 'Segoe UI', Roboto, Helvetica, Arial, sans-serif; text-align: left;\">\n<div style=\"border-bottom: 1px solid #e0e0e0;\"><a href=\"https:\/\/www.vilademuro.net\/es\/coste-efectivo-de-los-servicios\/\" style=\"display: block; padding: 4px 12px; color: #666; text-decoration: none; font-size: 15px;\">Coste efectivo de los servicios<\/a><\/div>\n<div style=\"border-bottom: 1px solid #e0e0e0;\"><a href=\"https:\/\/www.vilademuro.net\/es\/datos-estadisticos-de-los-servicios\/\" style=\"display: block; padding: 4px 12px; color: #666; text-decoration: none; font-size: 15px;\">Datos estad\u00edsticos de los servicios<\/a><\/div>\n<div><a href=\"https:\/\/www.vilademuro.net\/es\/campanas-de-publicidad-institucional\/\" style=\"display: block; padding: 4px 12px; color: #666; text-decoration: none; font-size: 15px;\">Campa\u00f1as de publicidad institucional<\/a><\/div>\n<\/div>\n<p>[\/et_pb_accordion_item][et_pb_accordion_item title=\u00bbIndicadores transparencia en ingresos, gastos y deudas\u00bb open_toggle_text_color=\u00bb#89ad1d\u00bb icon_color=\u00bb#89ad1d\u00bb _builder_version=\u00bb4.27.4&#8243; _module_preset=\u00bbdefault\u00bb global_colors_info=\u00bb{}\u00bb toggle_text_color=\u00bb#89ad1d\u00bb toggle_font=\u00bb|600|||||||\u00bb toggle_font_size=\u00bb15px\u00bb theme_builder_area=\u00bbpost_content\u00bb open=\u00bboff\u00bb]<\/p>\n<div style=\"font-family: -apple-system, BlinkMacSystemFont, 'Segoe UI', Roboto, Helvetica, Arial, sans-serif; text-align: left;\">\n<div style=\"border-bottom: 1px solid #e0e0e0;\"><a href=\"https:\/\/www.vilademuro.net\/es\/periodo-medio-de-pago\/\" style=\"display: block; padding: 4px 12px; color: #666; text-decoration: none; font-size: 15px;\">Periodo medio de pago<\/a><\/div>\n<div style=\"border-bottom: 1px solid #e0e0e0;\"><a href=\"https:\/\/www.vilademuro.net\/es\/morosidad\/\" style=\"display: block; padding: 4px 12px; color: #666; text-decoration: none; font-size: 15px;\">Morosidad<\/a><\/div>\n<div><a href=\"https:\/\/www.vilademuro.net\/es\/deuda-publica\/\" style=\"display: block; padding: 4px 12px; color: #666; text-decoration: none; font-size: 15px;\">Deuda p\u00fablica<\/a><\/div>\n<\/div>\n<p>[\/et_pb_accordion_item][\/et_pb_accordion][\/et_pb_column][et_pb_column type=\u00bb3_4&#8243; _builder_version=\u00bb4.27.4&#8243; _module_preset=\u00bbdefault\u00bb global_colors_info=\u00bb{}\u00bb theme_builder_area=\u00bbpost_content\u00bb][et_pb_text _builder_version=\u00bb4.27.4&#8243; _module_preset=\u00bbdefault\u00bb text_font_size=\u00bb17px\u00bb custom_margin=\u00bb-60px||||false|false\u00bb global_colors_info=\u00bb{}\u00bb theme_builder_area=\u00bbpost_content\u00bb]<\/p>\n<p style=\"text-align: justify;\"><span style=\"font-weight: 400;\">El<\/span> <b>Estado de liquidaci\u00f3n del presupuesto<\/b> <span style=\"font-weight: 400;\">pone de manifiesto como se ha ejecutado el presupuesto aprobado por el Ayuntamiento.<\/span><\/p>\n<p style=\"text-align: justify;\"><span style=\"font-weight: 400;\">El Estado de liquidaci\u00f3n del presupuesto recoge informaci\u00f3n sobre el presupuesto que aprob\u00f3 el Pleno de la Entidad local y como se ha ejecutado. Por lo tanto, es el documento que sirve para que el Pleno de la Entidad local y cualquier persona interesada, conozca la gesti\u00f3n de los ingresos y gastos que se ha realizado durante el a\u00f1o:<\/span><\/p>\n<ul style=\"text-align: justify;\">\n<li style=\"font-weight: 400;\" aria-level=\"1\"><span style=\"font-weight: 400;\">El<\/span> <b>Estado de liquidaci\u00f3n del presupuesto de gastos<\/b> <span style=\"font-weight: 400;\">informa sobre c\u00f3mo se ha ejecutado el presupuesto de gastos de una Entidad local y, por lo tanto, contiene la informaci\u00f3n necesaria para conocer cu\u00e1nto se ha gastado la Entidad local en un a\u00f1o, en que se ha gastado los recursos que ha obtenido en ese a\u00f1o y quien ha gastado esos recursos.<\/span><\/li>\n<li style=\"font-weight: 400;\" aria-level=\"1\"><span style=\"font-weight: 400;\">El<\/span> <b>Estado de liquidaci\u00f3n del presupuesto de ingresos<\/b> <span style=\"font-weight: 400;\">informa sobre c\u00f3mo se ha ejecutado el presupuesto de ingresos de una Entidad local y, por lo tanto, contiene la informaci\u00f3n necesaria para conocer qu\u00e9 ha sido el importe de los recursos que ha obtenido en un a\u00f1o la Entidad local y de donde proceden esos recursos.<\/span><\/li>\n<\/ul>\n<p style=\"text-align: justify;\"><span style=\"font-weight: 400;\">Puedes consultar informaci\u00f3n sobre la liquidaci\u00f3n presupuestaria del Ayuntamiento, en el siguiente enlace:<\/span><\/p>\n<p style=\"text-align: justify;\"><a href=\"https:\/\/vilademuro.sedelectronica.es\/transparency\/a56c42fb-cb8c-4051-bf53-baf4c68e7e74\/\" target=\"_blank\" rel=\"noopener\"><span style=\"font-weight: 400;\">LIQUIDACI\u00d3N PRESUPUESTARIA<\/span><\/a><\/p>\n<p>[\/et_pb_text][\/et_pb_column][\/et_pb_row][\/et_pb_section]<\/p>\n","protected":false},"excerpt":{"rendered":"<p>Econ\u00f3mica, financiera y presupuestaria\u276e Inicio\u276e Econ\u00f3mica, financiera y presupuestariaLiquidaci\u00f3n presupuestaria Presupuestos Ejecuci\u00f3n presupuestaria Liquidaci\u00f3n presupuestaria Modificaciones presupuestarias Estabilidad presupuestaria y sostenibilidad financiera Planes presupuestarios Cuenta general Auditor\u00eda de cuentas y [&hellip;]<\/p>\n","protected":false},"author":31,"featured_media":0,"parent":0,"menu_order":0,"comment_status":"closed","ping_status":"closed","template":"","meta":{"_et_pb_use_builder":"on","_et_pb_old_content":"","_et_gb_content_width":"","footnotes":""},"class_list":["post-61421","page","type-page","status-publish","hentry"],"yoast_head":"<!-- This site is optimized with the Yoast SEO plugin v27.1.1 - https:\/\/yoast.com\/product\/yoast-seo-wordpress\/ -->\n<title>Liquidaci\u00f3n presupuestaria | Ajuntament de Muro<\/title>\n<meta name=\"robots\" content=\"index, follow, max-snippet:-1, max-image-preview:large, max-video-preview:-1\" \/>\n<link rel=\"canonical\" href=\"https:\/\/www.vilademuro.net\/es\/liquidacion-presupuestaria\/\" \/>\n<meta property=\"og:locale\" content=\"es_ES\" \/>\n<meta property=\"og:type\" content=\"article\" \/>\n<meta property=\"og:title\" content=\"Liquidaci\u00f3n presupuestaria | Ajuntament de Muro\" \/>\n<meta property=\"og:description\" content=\"Econ\u00f3mica, financiera y presupuestaria\u276e Inicio\u276e Econ\u00f3mica, financiera y presupuestariaLiquidaci\u00f3n presupuestaria Presupuestos Ejecuci\u00f3n presupuestaria Liquidaci\u00f3n presupuestaria Modificaciones presupuestarias Estabilidad presupuestaria y sostenibilidad financiera Planes presupuestarios Cuenta general Auditor\u00eda de cuentas y [&hellip;]\" \/>\n<meta property=\"og:url\" content=\"https:\/\/www.vilademuro.net\/es\/liquidacion-presupuestaria\/\" \/>\n<meta property=\"og:site_name\" content=\"Ajuntament de Muro\" \/>\n<meta property=\"article:publisher\" content=\"https:\/\/www.facebook.com\/murodealcoy\" \/>\n<meta property=\"article:modified_time\" content=\"2026-04-10T22:05:09+00:00\" \/>\n<meta property=\"og:image\" content=\"https:\/\/www.vilademuro.net\/wp-content\/uploads\/2019\/12\/logo-color-e1585225385776.jpg\" \/>\n\t<meta property=\"og:image:width\" content=\"30\" \/>\n\t<meta property=\"og:image:height\" content=\"59\" \/>\n\t<meta property=\"og:image:type\" content=\"image\/jpeg\" \/>\n<meta name=\"twitter:card\" content=\"summary_large_image\" \/>\n<meta name=\"twitter:site\" content=\"@AjuntamentMuro\" \/>\n<meta name=\"twitter:label1\" content=\"Tiempo de lectura\" \/>\n\t<meta name=\"twitter:data1\" content=\"5 minutos\" \/>\n<script type=\"application\/ld+json\" class=\"yoast-schema-graph\">{\"@context\":\"https:\/\/schema.org\",\"@graph\":[{\"@type\":\"WebPage\",\"@id\":\"https:\/\/www.vilademuro.net\/es\/liquidacion-presupuestaria\/\",\"url\":\"https:\/\/www.vilademuro.net\/es\/liquidacion-presupuestaria\/\",\"name\":\"Liquidaci\u00f3n presupuestaria | Ajuntament de Muro\",\"isPartOf\":{\"@id\":\"https:\/\/www.vilademuro.net\/es\/#website\"},\"datePublished\":\"2026-04-09T18:08:45+00:00\",\"dateModified\":\"2026-04-10T22:05:09+00:00\",\"breadcrumb\":{\"@id\":\"https:\/\/www.vilademuro.net\/es\/liquidacion-presupuestaria\/#breadcrumb\"},\"inLanguage\":\"es\",\"potentialAction\":[{\"@type\":\"ReadAction\",\"target\":[\"https:\/\/www.vilademuro.net\/es\/liquidacion-presupuestaria\/\"]}]},{\"@type\":\"BreadcrumbList\",\"@id\":\"https:\/\/www.vilademuro.net\/es\/liquidacion-presupuestaria\/#breadcrumb\",\"itemListElement\":[{\"@type\":\"ListItem\",\"position\":1,\"name\":\"Inici\",\"item\":\"https:\/\/www.vilademuro.net\/es\/\"},{\"@type\":\"ListItem\",\"position\":2,\"name\":\"Liquidaci\u00f3n presupuestaria\"}]},{\"@type\":\"WebSite\",\"@id\":\"https:\/\/www.vilademuro.net\/es\/#website\",\"url\":\"https:\/\/www.vilademuro.net\/es\/\",\"name\":\"Ajuntament de Muro d'Alcoi\",\"description\":\"P\u00e1gina web oficial de l&#039;Ajuntament de Muro\",\"publisher\":{\"@id\":\"https:\/\/www.vilademuro.net\/es\/#organization\"},\"potentialAction\":[{\"@type\":\"SearchAction\",\"target\":{\"@type\":\"EntryPoint\",\"urlTemplate\":\"https:\/\/www.vilademuro.net\/es\/?s={search_term_string}\"},\"query-input\":{\"@type\":\"PropertyValueSpecification\",\"valueRequired\":true,\"valueName\":\"search_term_string\"}}],\"inLanguage\":\"es\"},{\"@type\":\"Organization\",\"@id\":\"https:\/\/www.vilademuro.net\/es\/#organization\",\"name\":\"Ajuntament de Muro\",\"url\":\"https:\/\/www.vilademuro.net\/es\/\",\"logo\":{\"@type\":\"ImageObject\",\"inLanguage\":\"es\",\"@id\":\"https:\/\/www.vilademuro.net\/es\/#\/schema\/logo\/image\/\",\"url\":\"https:\/\/www.vilademuro.net\/wp-content\/uploads\/2022\/10\/LOGO3-2.jpg\",\"contentUrl\":\"https:\/\/www.vilademuro.net\/wp-content\/uploads\/2022\/10\/LOGO3-2.jpg\",\"width\":756,\"height\":517,\"caption\":\"Ajuntament de Muro\"},\"image\":{\"@id\":\"https:\/\/www.vilademuro.net\/es\/#\/schema\/logo\/image\/\"},\"sameAs\":[\"https:\/\/www.facebook.com\/murodealcoy\",\"https:\/\/x.com\/AjuntamentMuro\",\"https:\/\/www.youtube.com\/channel\/UC2rwbKfRqsd1Ncwm6Y1prQw\"]}]}<\/script>\n<!-- \/ Yoast SEO plugin. -->","yoast_head_json":{"title":"Liquidaci\u00f3n presupuestaria | Ajuntament de Muro","robots":{"index":"index","follow":"follow","max-snippet":"max-snippet:-1","max-image-preview":"max-image-preview:large","max-video-preview":"max-video-preview:-1"},"canonical":"https:\/\/www.vilademuro.net\/es\/liquidacion-presupuestaria\/","og_locale":"es_ES","og_type":"article","og_title":"Liquidaci\u00f3n presupuestaria | Ajuntament de Muro","og_description":"Econ\u00f3mica, financiera y presupuestaria\u276e Inicio\u276e Econ\u00f3mica, financiera y presupuestariaLiquidaci\u00f3n presupuestaria Presupuestos Ejecuci\u00f3n presupuestaria Liquidaci\u00f3n presupuestaria Modificaciones presupuestarias Estabilidad presupuestaria y sostenibilidad financiera Planes presupuestarios Cuenta general Auditor\u00eda de cuentas y [&hellip;]","og_url":"https:\/\/www.vilademuro.net\/es\/liquidacion-presupuestaria\/","og_site_name":"Ajuntament de Muro","article_publisher":"https:\/\/www.facebook.com\/murodealcoy","article_modified_time":"2026-04-10T22:05:09+00:00","og_image":[{"width":30,"height":59,"url":"https:\/\/www.vilademuro.net\/wp-content\/uploads\/2019\/12\/logo-color-e1585225385776.jpg","type":"image\/jpeg"}],"twitter_card":"summary_large_image","twitter_site":"@AjuntamentMuro","twitter_misc":{"Tiempo de lectura":"5 minutos"},"schema":{"@context":"https:\/\/schema.org","@graph":[{"@type":"WebPage","@id":"https:\/\/www.vilademuro.net\/es\/liquidacion-presupuestaria\/","url":"https:\/\/www.vilademuro.net\/es\/liquidacion-presupuestaria\/","name":"Liquidaci\u00f3n presupuestaria | Ajuntament de Muro","isPartOf":{"@id":"https:\/\/www.vilademuro.net\/es\/#website"},"datePublished":"2026-04-09T18:08:45+00:00","dateModified":"2026-04-10T22:05:09+00:00","breadcrumb":{"@id":"https:\/\/www.vilademuro.net\/es\/liquidacion-presupuestaria\/#breadcrumb"},"inLanguage":"es","potentialAction":[{"@type":"ReadAction","target":["https:\/\/www.vilademuro.net\/es\/liquidacion-presupuestaria\/"]}]},{"@type":"BreadcrumbList","@id":"https:\/\/www.vilademuro.net\/es\/liquidacion-presupuestaria\/#breadcrumb","itemListElement":[{"@type":"ListItem","position":1,"name":"Inici","item":"https:\/\/www.vilademuro.net\/es\/"},{"@type":"ListItem","position":2,"name":"Liquidaci\u00f3n presupuestaria"}]},{"@type":"WebSite","@id":"https:\/\/www.vilademuro.net\/es\/#website","url":"https:\/\/www.vilademuro.net\/es\/","name":"Ajuntament de Muro d'Alcoi","description":"P\u00e1gina web oficial de l&#039;Ajuntament de Muro","publisher":{"@id":"https:\/\/www.vilademuro.net\/es\/#organization"},"potentialAction":[{"@type":"SearchAction","target":{"@type":"EntryPoint","urlTemplate":"https:\/\/www.vilademuro.net\/es\/?s={search_term_string}"},"query-input":{"@type":"PropertyValueSpecification","valueRequired":true,"valueName":"search_term_string"}}],"inLanguage":"es"},{"@type":"Organization","@id":"https:\/\/www.vilademuro.net\/es\/#organization","name":"Ajuntament de Muro","url":"https:\/\/www.vilademuro.net\/es\/","logo":{"@type":"ImageObject","inLanguage":"es","@id":"https:\/\/www.vilademuro.net\/es\/#\/schema\/logo\/image\/","url":"https:\/\/www.vilademuro.net\/wp-content\/uploads\/2022\/10\/LOGO3-2.jpg","contentUrl":"https:\/\/www.vilademuro.net\/wp-content\/uploads\/2022\/10\/LOGO3-2.jpg","width":756,"height":517,"caption":"Ajuntament de Muro"},"image":{"@id":"https:\/\/www.vilademuro.net\/es\/#\/schema\/logo\/image\/"},"sameAs":["https:\/\/www.facebook.com\/murodealcoy","https:\/\/x.com\/AjuntamentMuro","https:\/\/www.youtube.com\/channel\/UC2rwbKfRqsd1Ncwm6Y1prQw"]}]}},"_links":{"self":[{"href":"https:\/\/www.vilademuro.net\/es\/wp-json\/wp\/v2\/pages\/61421","targetHints":{"allow":["GET"]}}],"collection":[{"href":"https:\/\/www.vilademuro.net\/es\/wp-json\/wp\/v2\/pages"}],"about":[{"href":"https:\/\/www.vilademuro.net\/es\/wp-json\/wp\/v2\/types\/page"}],"author":[{"embeddable":true,"href":"https:\/\/www.vilademuro.net\/es\/wp-json\/wp\/v2\/users\/31"}],"replies":[{"embeddable":true,"href":"https:\/\/www.vilademuro.net\/es\/wp-json\/wp\/v2\/comments?post=61421"}],"version-history":[{"count":10,"href":"https:\/\/www.vilademuro.net\/es\/wp-json\/wp\/v2\/pages\/61421\/revisions"}],"predecessor-version":[{"id":61585,"href":"https:\/\/www.vilademuro.net\/es\/wp-json\/wp\/v2\/pages\/61421\/revisions\/61585"}],"wp:attachment":[{"href":"https:\/\/www.vilademuro.net\/es\/wp-json\/wp\/v2\/media?parent=61421"}],"curies":[{"name":"wp","href":"https:\/\/api.w.org\/{rel}","templated":true}]}}