{"id":61310,"date":"2026-04-09T19:21:26","date_gmt":"2026-04-09T17:21:26","guid":{"rendered":"https:\/\/www.vilademuro.net\/plantilla-del-personal\/"},"modified":"2026-04-10T19:19:20","modified_gmt":"2026-04-10T17:19:20","slug":"plantilla-del-personal","status":"publish","type":"page","link":"https:\/\/www.vilademuro.net\/es\/plantilla-del-personal\/","title":{"rendered":"Plantilla del personal"},"content":{"rendered":"<p>[et_pb_section fb_built=\u00bb1&#8243; _builder_version=\u00bb4.27.4&#8243; _module_preset=\u00bbdefault\u00bb locked=\u00bboff\u00bb global_colors_info=\u00bb{}\u00bb theme_builder_area=\u00bbpost_content\u00bb][et_pb_row column_structure=\u00bb1_4,1_4,1_4,1_4&#8243; _builder_version=\u00bb4.27.4&#8243; _module_preset=\u00bbdefault\u00bb module_alignment=\u00bbcenter\u00bb global_colors_info=\u00bb{}\u00bb theme_builder_area=\u00bbpost_content\u00bb][et_pb_column type=\u00bb1_4&#8243; _builder_version=\u00bb4.27.4&#8243; _module_preset=\u00bbdefault\u00bb global_colors_info=\u00bb{}\u00bb theme_builder_area=\u00bbpost_content\u00bb][et_pb_image src=\u00bbhttps:\/\/www.vilademuro.net\/wp-content\/uploads\/2026\/04\/ICONO_PERSONAL-Y-EMPLEO_N-1.png\u00bb title_text=\u00bbICONO_PERSONAL Y EMPLEO_N (1)\u00bb _builder_version=\u00bb4.27.4&#8243; _module_preset=\u00bbdefault\u00bb width=\u00bb17%\u00bb global_colors_info=\u00bb{}\u00bb theme_builder_area=\u00bbpost_content\u00bb][\/et_pb_image][\/et_pb_column][et_pb_column type=\u00bb1_4&#8243; _builder_version=\u00bb4.27.4&#8243; _module_preset=\u00bbdefault\u00bb global_colors_info=\u00bb{}\u00bb theme_builder_area=\u00bbpost_content\u00bb][et_pb_text _builder_version=\u00bb4.27.4&#8243; _module_preset=\u00bbdefault\u00bb text_font=\u00bb|600|||||||\u00bb text_text_color=\u00bb#000000&#8243; text_line_height=\u00bb2.9em\u00bb custom_margin=\u00bb|308px||-92%|false|false\u00bb global_colors_info=\u00bb{}\u00bb theme_builder_area=\u00bbpost_content\u00bb]<\/p>\n<p><span>Personal y Empleo<\/span><\/p>\n<p>[\/et_pb_text][\/et_pb_column][et_pb_column type=\u00bb1_4&#8243; _builder_version=\u00bb4.27.4&#8243; _module_preset=\u00bbdefault\u00bb global_colors_info=\u00bb{}\u00bb theme_builder_area=\u00bbpost_content\u00bb][et_pb_text _builder_version=\u00bb4.27.4&#8243; _module_preset=\u00bbdefault\u00bb text_text_color=\u00bb#89ad1d\u00bb text_line_height=\u00bb1.8em\u00bb link_text_color=\u00bb#89ad1d\u00bb custom_margin=\u00bb|||-306px|false|false\u00bb custom_padding=\u00bb|2px|||false|false\u00bb link_option_url=\u00bbhttps:\/\/www.vilademuro.net\/es\/portal-de-transparencia\/\u00bb text_line_height_phone=\u00bb1em\u00bb text_line_height_last_edited=\u00bboff|phone\u00bb locked=\u00bboff\u00bb global_colors_info=\u00bb{}\u00bb theme_builder_area=\u00bbpost_content\u00bb]<\/p>\n<div style=\"text-align: left;\"><span style=\"color: #89ad1d; font-weight: bold; margin-right: 14px;\">\u276e<\/span> <strong>Inicio<\/strong><\/div>\n<p>[\/et_pb_text][\/et_pb_column][et_pb_column type=\u00bb1_4&#8243; _builder_version=\u00bb4.27.4&#8243; _module_preset=\u00bbdefault\u00bb global_colors_info=\u00bb{}\u00bb theme_builder_area=\u00bbpost_content\u00bb][et_pb_text _builder_version=\u00bb4.27.4&#8243; _module_preset=\u00bbdefault\u00bb text_text_color=\u00bb#89ad1d\u00bb text_line_height=\u00bb1.8em\u00bb custom_margin=\u00bb|||-530px|false|false\u00bb custom_padding=\u00bb||||false|false\u00bb link_option_url=\u00bbhttps:\/\/www.vilademuro.net\/es\/personal-y-empleo\/\u00bb text_line_height_phone=\u00bb1em\u00bb text_line_height_last_edited=\u00bboff|phone\u00bb locked=\u00bboff\u00bb global_colors_info=\u00bb{}\u00bb theme_builder_area=\u00bbpost_content\u00bb]<\/p>\n<div style=\"text-align: left;\"><span style=\"color: #89ad1d; font-weight: bold; margin-right: 14px;\">\u276e<\/span> <strong>Personal y Empleo<\/strong><\/div>\n<p>[\/et_pb_text][\/et_pb_column][\/et_pb_row][et_pb_row column_structure=\u00bb1_4,3_4&#8243; _builder_version=\u00bb4.27.4&#8243; _module_preset=\u00bbdefault\u00bb global_colors_info=\u00bb{}\u00bb theme_builder_area=\u00bbpost_content\u00bb][et_pb_column type=\u00bb1_4&#8243; _builder_version=\u00bb4.27.4&#8243; _module_preset=\u00bbdefault\u00bb global_colors_info=\u00bb{}\u00bb theme_builder_area=\u00bbpost_content\u00bb][et_pb_divider color=\u00bb#000000&#8243; _builder_version=\u00bb4.27.4&#8243; _module_preset=\u00bbdefault\u00bb custom_margin=\u00bb-52px||||false|false\u00bb global_colors_info=\u00bb{}\u00bb theme_builder_area=\u00bbpost_content\u00bb][\/et_pb_divider][\/et_pb_column][et_pb_column type=\u00bb3_4&#8243; _builder_version=\u00bb4.27.4&#8243; _module_preset=\u00bbdefault\u00bb global_colors_info=\u00bb{}\u00bb theme_builder_area=\u00bbpost_content\u00bb][et_pb_text _builder_version=\u00bb4.27.4&#8243; _module_preset=\u00bbdefault\u00bb text_font=\u00bb|600|||||||\u00bb text_text_color=\u00bb#89ad1d\u00bb text_font_size=\u00bb32px\u00bb custom_margin=\u00bb-56px||||false|false\u00bb locked=\u00bboff\u00bb global_colors_info=\u00bb{}\u00bb theme_builder_area=\u00bbpost_content\u00bb]<\/p>\n<p>Plantilla del personal<\/p>\n<p>[\/et_pb_text][\/et_pb_column][\/et_pb_row][et_pb_row column_structure=\u00bb1_4,3_4&#8243; _builder_version=\u00bb4.27.4&#8243; _module_preset=\u00bbdefault\u00bb global_colors_info=\u00bb{}\u00bb theme_builder_area=\u00bbpost_content\u00bb][et_pb_column type=\u00bb1_4&#8243; _builder_version=\u00bb4.27.4&#8243; _module_preset=\u00bbdefault\u00bb global_colors_info=\u00bb{}\u00bb theme_builder_area=\u00bbpost_content\u00bb][et_pb_accordion toggle_icon=\u00bb&#x33;||divi||400&#8243; icon_color=\u00bb#0a0000&#8243; _builder_version=\u00bb4.27.4&#8243; _module_preset=\u00bbdefault\u00bb hover_enabled=\u00bb0&#8243; global_colors_info=\u00bb{}\u00bb theme_builder_area=\u00bbpost_content\u00bb open_toggle_text_color=\u00bb#89ad1d\u00bb sticky_enabled=\u00bb0&#8243; custom_margin=\u00bb-100px||||false|false\u00bb locked=\u00bboff\u00bb][et_pb_accordion_item title=\u00bbInformaci\u00f3n del personal y el empleo\u00bb open=\u00bbon\u00bb _builder_version=\u00bb4.27.4&#8243; _module_preset=\u00bbdefault\u00bb hover_enabled=\u00bb0&#8243; global_colors_info=\u00bb{}\u00bb theme_builder_area=\u00bbpost_content\u00bb sticky_enabled=\u00bb0&#8243; open_toggle_text_color=\u00bb#89ad1d\u00bb toggle_text_color=\u00bb#89ad1d\u00bb icon_color=\u00bb#89ad1d\u00bb toggle_font_size=\u00bb15px\u00bb toggle_font=\u00bb|600|||||||\u00bb]<\/p>\n<div style=\"font-family: -apple-system, BlinkMacSystemFont, 'Segoe UI', Roboto, Helvetica, Arial, sans-serif; text-align: left;\">\n<div style=\"border-bottom: 1px solid #e0e0e0;\"><a href=\"https:\/\/www.vilademuro.net\/es\/relacion-de-puestos-de-trabajo-rpt\/\" style=\"display: block; padding: 4px 12px; color: #666; text-decoration: none; font-size: 15px;\">Relaci\u00f3n de puestos de trabajo (RPT)<\/a><\/div>\n<div style=\"border-bottom: 1px solid #e0e0e0;\"><a href=\"https:\/\/www.vilademuro.net\/es\/plantilla-del-personal\/\" style=\"display: block; padding: 4px 12px; color: #666; text-decoration: none; font-size: 15px;\">Plantilla del personal<\/a><\/div>\n<div style=\"border-bottom: 1px solid #e0e0e0;\"><a href=\"https:\/\/www.vilademuro.net\/es\/reconocimiento-de-compatibilidad-de-los-empleados-publicos\/\" style=\"display: block; padding: 4px 12px; color: #666; text-decoration: none; font-size: 15px;\">Reconocimiento de compatibilidad de los empleados p\u00fablicos<\/a><\/div>\n<div style=\"border-bottom: 1px solid #e0e0e0;\"><a href=\"https:\/\/www.vilademuro.net\/es\/oferta-de-empleo-publica\/\" style=\"display: block; padding: 4px 12px; color: #666; text-decoration: none; font-size: 15px;\">Oferta de empleo p\u00fablica<\/a><\/div>\n<div style=\"border-bottom: 1px solid #e0e0e0;\"><a href=\"https:\/\/www.vilademuro.net\/es\/procesos-selectivos-y-bolsas-de-trabajo\/\" style=\"display: block; padding: 4px 12px; color: #666; text-decoration: none; font-size: 15px;\">Procesos selectivos y bolsas de trabajo<\/a><\/div>\n<div><a href=\"https:\/\/www.vilademuro.net\/es\/personal-eventual\/\" style=\"display: block; padding: 4px 12px; color: #666; text-decoration: none; font-size: 15px;\">Personal eventual<\/a><\/div>\n<\/div>\n<p>[\/et_pb_accordion_item][\/et_pb_accordion][\/et_pb_column][et_pb_column type=\u00bb3_4&#8243; _builder_version=\u00bb4.27.4&#8243; _module_preset=\u00bbdefault\u00bb global_colors_info=\u00bb{}\u00bb theme_builder_area=\u00bbpost_content\u00bb][et_pb_text _builder_version=\u00bb4.27.4&#8243; _module_preset=\u00bbdefault\u00bb text_font_size=\u00bb17px\u00bb custom_margin=\u00bb-60px||||false|false\u00bb global_colors_info=\u00bb{}\u00bb theme_builder_area=\u00bbpost_content\u00bb]<\/p>\n<p style=\"text-align: justify;\"><span style=\"font-weight: 400;\">La<\/span> <b>Plantilla Org\u00e1nica de Plazas<\/b> <span style=\"font-weight: 400;\">es un documento aprobado anualmente junto con el Presupuesto Municipal, que refleja el Personal previsto para ocupar los puestos de trabajo en un momento dado, seg\u00fan los tipos de personal en la Administraci\u00f3n.<\/span><\/p>\n<p style=\"text-align: justify;\"><span style=\"font-weight: 400;\">En el enlace siguiente encontrar\u00e1s la Plantilla de Personal y la informaci\u00f3n econ\u00f3mica asociada en los diferentes perfiles:<\/span> <a href=\"https:\/\/vilademuro.sedelectronica.es\/transparency\/cfe85b08-897b-485e-8bda-c7f1da87c2de\/\" target=\"_blank\" rel=\"noopener\"><b>PLANTILLA DE PERSONAL<\/b><\/a><\/p>\n<p>[\/et_pb_text][\/et_pb_column][\/et_pb_row][\/et_pb_section]<\/p>\n","protected":false},"excerpt":{"rendered":"<p>Personal y Empleo\u276e Inicio\u276e Personal y EmpleoPlantilla del personal Relaci\u00f3n de puestos de trabajo (RPT) Plantilla del personal Reconocimiento de compatibilidad de los empleados p\u00fablicos Oferta de empleo p\u00fablica Procesos [&hellip;]<\/p>\n","protected":false},"author":31,"featured_media":0,"parent":0,"menu_order":0,"comment_status":"closed","ping_status":"closed","template":"","meta":{"_et_pb_use_builder":"on","_et_pb_old_content":"","_et_gb_content_width":"","footnotes":""},"class_list":["post-61310","page","type-page","status-publish","hentry"],"yoast_head":"<!-- This site is optimized with the Yoast SEO plugin v27.1.1 - https:\/\/yoast.com\/product\/yoast-seo-wordpress\/ -->\n<title>Plantilla del personal | Ajuntament de Muro<\/title>\n<meta name=\"robots\" content=\"index, follow, max-snippet:-1, max-image-preview:large, max-video-preview:-1\" \/>\n<link rel=\"canonical\" href=\"https:\/\/www.vilademuro.net\/es\/plantilla-del-personal\/\" \/>\n<meta property=\"og:locale\" content=\"es_ES\" \/>\n<meta property=\"og:type\" content=\"article\" \/>\n<meta property=\"og:title\" content=\"Plantilla del personal | Ajuntament de Muro\" \/>\n<meta property=\"og:description\" content=\"Personal y Empleo\u276e Inicio\u276e Personal y EmpleoPlantilla del personal Relaci\u00f3n de puestos de trabajo (RPT) Plantilla del personal Reconocimiento de compatibilidad de los empleados p\u00fablicos Oferta de empleo p\u00fablica Procesos [&hellip;]\" \/>\n<meta property=\"og:url\" content=\"https:\/\/www.vilademuro.net\/es\/plantilla-del-personal\/\" \/>\n<meta property=\"og:site_name\" content=\"Ajuntament de Muro\" \/>\n<meta property=\"article:publisher\" content=\"https:\/\/www.facebook.com\/murodealcoy\" \/>\n<meta property=\"article:modified_time\" content=\"2026-04-10T17:19:20+00:00\" \/>\n<meta property=\"og:image\" content=\"https:\/\/www.vilademuro.net\/wp-content\/uploads\/2019\/12\/logo-color-e1585225385776.jpg\" \/>\n\t<meta property=\"og:image:width\" content=\"30\" \/>\n\t<meta property=\"og:image:height\" content=\"59\" \/>\n\t<meta property=\"og:image:type\" content=\"image\/jpeg\" \/>\n<meta name=\"twitter:card\" content=\"summary_large_image\" \/>\n<meta name=\"twitter:site\" content=\"@AjuntamentMuro\" \/>\n<meta name=\"twitter:label1\" content=\"Tiempo de lectura\" \/>\n\t<meta name=\"twitter:data1\" content=\"4 minutos\" \/>\n<script type=\"application\/ld+json\" class=\"yoast-schema-graph\">{\"@context\":\"https:\/\/schema.org\",\"@graph\":[{\"@type\":\"WebPage\",\"@id\":\"https:\/\/www.vilademuro.net\/es\/plantilla-del-personal\/\",\"url\":\"https:\/\/www.vilademuro.net\/es\/plantilla-del-personal\/\",\"name\":\"Plantilla del personal | Ajuntament de Muro\",\"isPartOf\":{\"@id\":\"https:\/\/www.vilademuro.net\/es\/#website\"},\"datePublished\":\"2026-04-09T17:21:26+00:00\",\"dateModified\":\"2026-04-10T17:19:20+00:00\",\"breadcrumb\":{\"@id\":\"https:\/\/www.vilademuro.net\/es\/plantilla-del-personal\/#breadcrumb\"},\"inLanguage\":\"es\",\"potentialAction\":[{\"@type\":\"ReadAction\",\"target\":[\"https:\/\/www.vilademuro.net\/es\/plantilla-del-personal\/\"]}]},{\"@type\":\"BreadcrumbList\",\"@id\":\"https:\/\/www.vilademuro.net\/es\/plantilla-del-personal\/#breadcrumb\",\"itemListElement\":[{\"@type\":\"ListItem\",\"position\":1,\"name\":\"Inici\",\"item\":\"https:\/\/www.vilademuro.net\/es\/\"},{\"@type\":\"ListItem\",\"position\":2,\"name\":\"Plantilla del personal\"}]},{\"@type\":\"WebSite\",\"@id\":\"https:\/\/www.vilademuro.net\/es\/#website\",\"url\":\"https:\/\/www.vilademuro.net\/es\/\",\"name\":\"Ajuntament de Muro d'Alcoi\",\"description\":\"P\u00e1gina web oficial de l&#039;Ajuntament de Muro\",\"publisher\":{\"@id\":\"https:\/\/www.vilademuro.net\/es\/#organization\"},\"potentialAction\":[{\"@type\":\"SearchAction\",\"target\":{\"@type\":\"EntryPoint\",\"urlTemplate\":\"https:\/\/www.vilademuro.net\/es\/?s={search_term_string}\"},\"query-input\":{\"@type\":\"PropertyValueSpecification\",\"valueRequired\":true,\"valueName\":\"search_term_string\"}}],\"inLanguage\":\"es\"},{\"@type\":\"Organization\",\"@id\":\"https:\/\/www.vilademuro.net\/es\/#organization\",\"name\":\"Ajuntament de Muro\",\"url\":\"https:\/\/www.vilademuro.net\/es\/\",\"logo\":{\"@type\":\"ImageObject\",\"inLanguage\":\"es\",\"@id\":\"https:\/\/www.vilademuro.net\/es\/#\/schema\/logo\/image\/\",\"url\":\"https:\/\/www.vilademuro.net\/wp-content\/uploads\/2022\/10\/LOGO3-2.jpg\",\"contentUrl\":\"https:\/\/www.vilademuro.net\/wp-content\/uploads\/2022\/10\/LOGO3-2.jpg\",\"width\":756,\"height\":517,\"caption\":\"Ajuntament de Muro\"},\"image\":{\"@id\":\"https:\/\/www.vilademuro.net\/es\/#\/schema\/logo\/image\/\"},\"sameAs\":[\"https:\/\/www.facebook.com\/murodealcoy\",\"https:\/\/x.com\/AjuntamentMuro\",\"https:\/\/www.youtube.com\/channel\/UC2rwbKfRqsd1Ncwm6Y1prQw\"]}]}<\/script>\n<!-- \/ Yoast SEO plugin. -->","yoast_head_json":{"title":"Plantilla del personal | Ajuntament de Muro","robots":{"index":"index","follow":"follow","max-snippet":"max-snippet:-1","max-image-preview":"max-image-preview:large","max-video-preview":"max-video-preview:-1"},"canonical":"https:\/\/www.vilademuro.net\/es\/plantilla-del-personal\/","og_locale":"es_ES","og_type":"article","og_title":"Plantilla del personal | Ajuntament de Muro","og_description":"Personal y Empleo\u276e Inicio\u276e Personal y EmpleoPlantilla del personal Relaci\u00f3n de puestos de trabajo (RPT) Plantilla del personal Reconocimiento de compatibilidad de los empleados p\u00fablicos Oferta de empleo p\u00fablica Procesos [&hellip;]","og_url":"https:\/\/www.vilademuro.net\/es\/plantilla-del-personal\/","og_site_name":"Ajuntament de Muro","article_publisher":"https:\/\/www.facebook.com\/murodealcoy","article_modified_time":"2026-04-10T17:19:20+00:00","og_image":[{"width":30,"height":59,"url":"https:\/\/www.vilademuro.net\/wp-content\/uploads\/2019\/12\/logo-color-e1585225385776.jpg","type":"image\/jpeg"}],"twitter_card":"summary_large_image","twitter_site":"@AjuntamentMuro","twitter_misc":{"Tiempo de lectura":"4 minutos"},"schema":{"@context":"https:\/\/schema.org","@graph":[{"@type":"WebPage","@id":"https:\/\/www.vilademuro.net\/es\/plantilla-del-personal\/","url":"https:\/\/www.vilademuro.net\/es\/plantilla-del-personal\/","name":"Plantilla del personal | Ajuntament de Muro","isPartOf":{"@id":"https:\/\/www.vilademuro.net\/es\/#website"},"datePublished":"2026-04-09T17:21:26+00:00","dateModified":"2026-04-10T17:19:20+00:00","breadcrumb":{"@id":"https:\/\/www.vilademuro.net\/es\/plantilla-del-personal\/#breadcrumb"},"inLanguage":"es","potentialAction":[{"@type":"ReadAction","target":["https:\/\/www.vilademuro.net\/es\/plantilla-del-personal\/"]}]},{"@type":"BreadcrumbList","@id":"https:\/\/www.vilademuro.net\/es\/plantilla-del-personal\/#breadcrumb","itemListElement":[{"@type":"ListItem","position":1,"name":"Inici","item":"https:\/\/www.vilademuro.net\/es\/"},{"@type":"ListItem","position":2,"name":"Plantilla del personal"}]},{"@type":"WebSite","@id":"https:\/\/www.vilademuro.net\/es\/#website","url":"https:\/\/www.vilademuro.net\/es\/","name":"Ajuntament de Muro d'Alcoi","description":"P\u00e1gina web oficial de l&#039;Ajuntament de Muro","publisher":{"@id":"https:\/\/www.vilademuro.net\/es\/#organization"},"potentialAction":[{"@type":"SearchAction","target":{"@type":"EntryPoint","urlTemplate":"https:\/\/www.vilademuro.net\/es\/?s={search_term_string}"},"query-input":{"@type":"PropertyValueSpecification","valueRequired":true,"valueName":"search_term_string"}}],"inLanguage":"es"},{"@type":"Organization","@id":"https:\/\/www.vilademuro.net\/es\/#organization","name":"Ajuntament de Muro","url":"https:\/\/www.vilademuro.net\/es\/","logo":{"@type":"ImageObject","inLanguage":"es","@id":"https:\/\/www.vilademuro.net\/es\/#\/schema\/logo\/image\/","url":"https:\/\/www.vilademuro.net\/wp-content\/uploads\/2022\/10\/LOGO3-2.jpg","contentUrl":"https:\/\/www.vilademuro.net\/wp-content\/uploads\/2022\/10\/LOGO3-2.jpg","width":756,"height":517,"caption":"Ajuntament de Muro"},"image":{"@id":"https:\/\/www.vilademuro.net\/es\/#\/schema\/logo\/image\/"},"sameAs":["https:\/\/www.facebook.com\/murodealcoy","https:\/\/x.com\/AjuntamentMuro","https:\/\/www.youtube.com\/channel\/UC2rwbKfRqsd1Ncwm6Y1prQw"]}]}},"_links":{"self":[{"href":"https:\/\/www.vilademuro.net\/es\/wp-json\/wp\/v2\/pages\/61310","targetHints":{"allow":["GET"]}}],"collection":[{"href":"https:\/\/www.vilademuro.net\/es\/wp-json\/wp\/v2\/pages"}],"about":[{"href":"https:\/\/www.vilademuro.net\/es\/wp-json\/wp\/v2\/types\/page"}],"author":[{"embeddable":true,"href":"https:\/\/www.vilademuro.net\/es\/wp-json\/wp\/v2\/users\/31"}],"replies":[{"embeddable":true,"href":"https:\/\/www.vilademuro.net\/es\/wp-json\/wp\/v2\/comments?post=61310"}],"version-history":[{"count":8,"href":"https:\/\/www.vilademuro.net\/es\/wp-json\/wp\/v2\/pages\/61310\/revisions"}],"predecessor-version":[{"id":61355,"href":"https:\/\/www.vilademuro.net\/es\/wp-json\/wp\/v2\/pages\/61310\/revisions\/61355"}],"wp:attachment":[{"href":"https:\/\/www.vilademuro.net\/es\/wp-json\/wp\/v2\/media?parent=61310"}],"curies":[{"name":"wp","href":"https:\/\/api.w.org\/{rel}","templated":true}]}}