{"id":36930,"date":"2020-01-07T08:29:45","date_gmt":"2020-01-07T07:29:45","guid":{"rendered":"https:\/\/www.vilademuro.net\/areas\/policia-local\/preguntas-frecuentes\/"},"modified":"2024-03-14T14:11:00","modified_gmt":"2024-03-14T13:11:00","slug":"preguntas-frecuentes","status":"publish","type":"page","link":"https:\/\/www.vilademuro.net\/es\/areas\/policia-local\/preguntas-frecuentes\/","title":{"rendered":"Preguntas frecuentes"},"content":{"rendered":"<p>[et_pb_section fb_built=\u00bb1&#8243; admin_label=\u00bbsection\u00bb _builder_version=\u00bb4.16&#8243; custom_padding=\u00bb||17px|||\u00bb global_colors_info=\u00bb{}\u00bb theme_builder_area=\u00bbpost_content\u00bb][et_pb_row column_structure=\u00bb3_4,1_4&#8243; admin_label=\u00bbFila\u00bb _builder_version=\u00bb4.16&#8243; background_size=\u00bbinitial\u00bb background_position=\u00bbtop_left\u00bb background_repeat=\u00bbrepeat\u00bb global_colors_info=\u00bb{}\u00bb theme_builder_area=\u00bbpost_content\u00bb][et_pb_column type=\u00bb3_4&#8243; _builder_version=\u00bb4.16&#8243; custom_padding=\u00bb|||\u00bb global_colors_info=\u00bb{}\u00bb custom_padding__hover=\u00bb|||\u00bb theme_builder_area=\u00bbpost_content\u00bb][et_pb_toggle title=\u00bbHe perdido un documento o un objeto en la v\u00eda p\u00fablica.\u00bb icon_color=\u00bb#89ad1d\u00bb use_icon_font_size=\u00bbon\u00bb icon_font_size=\u00bb49px\u00bb open_icon_color=\u00bb#89ad1d\u00bb open_use_icon_font_size=\u00bbon\u00bb open_icon_font_size=\u00bb49px\u00bb _builder_version=\u00bb4.24.2&#8243; title_font=\u00bb|600|||||||\u00bb title_font_size=\u00bb30px\u00bb global_colors_info=\u00bb{}\u00bb theme_builder_area=\u00bbpost_content\u00bb]<\/p>\n<p>La oficina de Objetos Perdidos se encuentra en las dependencias de la Polic\u00eda Local de Muro.<\/p>\n<p>A trav\u00e9s del tel\u00e9fono 965.53.01.68 se puede consultar si el objeto perdido est\u00e1 depositado en la oficina, dando una descripci\u00f3n del mismo. Cuando se trata de documentaci\u00f3n personal, se avisa, cuando es posible, por tel\u00e9fono o carta a los titulares de las mismas. En el caso de extranjeros, se env\u00eda por correo certificado con acuse de recibo. Para recoger el objeto es necesario acreditar su propiedad.<\/p>\n<p>El horario de funcionamiento es de lunes a viernes de 9.00 a 13.00 h. y de 16.00 a 19.00 h.<\/p>\n<p>[\/et_pb_toggle][et_pb_toggle title=\u00bbNecesito un permiso de quema.\u00bb icon_color=\u00bb#89ad1d\u00bb use_icon_font_size=\u00bbon\u00bb icon_font_size=\u00bb49px\u00bb open_icon_color=\u00bb#89ad1d\u00bb open_use_icon_font_size=\u00bbon\u00bb open_icon_font_size=\u00bb49px\u00bb _builder_version=\u00bb4.16&#8243; title_font=\u00bb|600|||||||\u00bb title_font_size=\u00bb30px\u00bb global_colors_info=\u00bb{}\u00bb theme_builder_area=\u00bbpost_content\u00bb]<\/p>\n<p>Debe acudir al Ayuntamiento en la Placeta Molina n\u00ba 4.\u00a0<\/p>\n<p>[\/et_pb_toggle][et_pb_toggle title=\u00bbHa habido un accidente de tr\u00e1fico o de otro tipo en la v\u00eda p\u00fablica, vivienda, establecimiento&#8230;\u00bb icon_color=\u00bb#89ad1d\u00bb use_icon_font_size=\u00bbon\u00bb icon_font_size=\u00bb49px\u00bb open_icon_color=\u00bb#89ad1d\u00bb open_use_icon_font_size=\u00bbon\u00bb open_icon_font_size=\u00bb49px\u00bb _builder_version=\u00bb4.16&#8243; title_font=\u00bb|600|||||||\u00bb title_font_size=\u00bb30px\u00bb global_colors_info=\u00bb{}\u00bb theme_builder_area=\u00bbpost_content\u00bb]<\/p>\n<p>La Polic\u00eda Local es la encargada de atender los accidentes de tr\u00e1fico que se producen en las calles de la ciudad o en viviendas y establecimientos. El tel\u00e9fono 112 est\u00e1 a su disposici\u00f3n las 24 horas del d\u00eda o al 965.53.01.68 de la Polic\u00eda Local.<\/p>\n<p>Si el accidente es muy grave, es conveniente llamar al 112, que movilizar\u00e1 a Polic\u00eda Local, Bomberos, Sanidad y todo aquel recurso de emergencia que se considere oportuno.\u00a0<\/p>\n<p>[\/et_pb_toggle][\/et_pb_column][et_pb_column type=\u00bb1_4&#8243; _builder_version=\u00bb4.16&#8243; custom_padding=\u00bb|||\u00bb global_colors_info=\u00bb{}\u00bb custom_padding__hover=\u00bb|||\u00bb theme_builder_area=\u00bbpost_content\u00bb][et_pb_text admin_label=\u00bbTexto\u00bb _builder_version=\u00bb4.24.2&#8243; text_font=\u00bb||||||||\u00bb background_color=\u00bbrgba(0,0,0,0.02)\u00bb background_size=\u00bbinitial\u00bb background_position=\u00bbtop_left\u00bb background_repeat=\u00bbrepeat\u00bb custom_padding=\u00bb9px|10px|10px|10px||\u00bb hover_enabled=\u00bb0&#8243; z_index_tablet=\u00bb500&#8243; text_text_shadow_horizontal_length_tablet=\u00bb0px\u00bb text_text_shadow_vertical_length_tablet=\u00bb0px\u00bb text_text_shadow_blur_strength_tablet=\u00bb1px\u00bb link_text_shadow_horizontal_length_tablet=\u00bb0px\u00bb link_text_shadow_vertical_length_tablet=\u00bb0px\u00bb link_text_shadow_blur_strength_tablet=\u00bb1px\u00bb ul_text_shadow_horizontal_length_tablet=\u00bb0px\u00bb ul_text_shadow_vertical_length_tablet=\u00bb0px\u00bb ul_text_shadow_blur_strength_tablet=\u00bb1px\u00bb ol_text_shadow_horizontal_length_tablet=\u00bb0px\u00bb ol_text_shadow_vertical_length_tablet=\u00bb0px\u00bb ol_text_shadow_blur_strength_tablet=\u00bb1px\u00bb quote_text_shadow_horizontal_length_tablet=\u00bb0px\u00bb quote_text_shadow_vertical_length_tablet=\u00bb0px\u00bb quote_text_shadow_blur_strength_tablet=\u00bb1px\u00bb header_text_shadow_horizontal_length_tablet=\u00bb0px\u00bb header_text_shadow_vertical_length_tablet=\u00bb0px\u00bb header_text_shadow_blur_strength_tablet=\u00bb1px\u00bb header_2_text_shadow_horizontal_length_tablet=\u00bb0px\u00bb header_2_text_shadow_vertical_length_tablet=\u00bb0px\u00bb header_2_text_shadow_blur_strength_tablet=\u00bb1px\u00bb header_3_text_shadow_horizontal_length_tablet=\u00bb0px\u00bb header_3_text_shadow_vertical_length_tablet=\u00bb0px\u00bb header_3_text_shadow_blur_strength_tablet=\u00bb1px\u00bb header_4_text_shadow_horizontal_length_tablet=\u00bb0px\u00bb header_4_text_shadow_vertical_length_tablet=\u00bb0px\u00bb header_4_text_shadow_blur_strength_tablet=\u00bb1px\u00bb header_5_text_shadow_horizontal_length_tablet=\u00bb0px\u00bb header_5_text_shadow_vertical_length_tablet=\u00bb0px\u00bb header_5_text_shadow_blur_strength_tablet=\u00bb1px\u00bb header_6_text_shadow_horizontal_length_tablet=\u00bb0px\u00bb header_6_text_shadow_vertical_length_tablet=\u00bb0px\u00bb header_6_text_shadow_blur_strength_tablet=\u00bb1px\u00bb border_width_left=\u00bb5px\u00bb border_color_left=\u00bb#89AD1D\u00bb border_width_left_tablet=\u00bb5px\u00bb border_width_left_phone=\u00bb5px\u00bb box_shadow_style=\u00bbpreset2&#8243; saved_tabs=\u00bball\u00bb locked=\u00bboff\u00bb global_colors_info=\u00bb{}\u00bb border_color_left__hover_enabled=\u00bbon|hover\u00bb border_color_left__hover=\u00bb#0c71c3&#8243; theme_builder_area=\u00bbpost_content\u00bb sticky_enabled=\u00bb0&#8243;]<\/p>\n<p data-wahfont=\"16\">Avinguda de Gandia, 11 \u2013 03830<\/p>\n<p data-wahfont=\"16\">Muro d\u2019Alcoi<\/p>\n<p data-wahfont=\"16\">Tel\u00e9fono: 96 553 01 68<\/p>\n<p data-wahfont=\"16\">Emergencias: 112<\/p>\n<p data-wahfont=\"16\">email:<span data-wahfont=\"16\">\u00a0<\/span><a href=\"mailto:policialocal@vilademuro.net\" data-wahfont=\"16\">policialocal@vilademuro.net<\/a><\/p>\n<p>[\/et_pb_text][\/et_pb_column][\/et_pb_row][\/et_pb_section][et_pb_section fb_built=\u00bb1&#8243; _builder_version=\u00bb4.16&#8243; custom_padding=\u00bb2px|||||\u00bb top_divider_color=\u00bbrgba(137,173,29,0.43)\u00bb global_colors_info=\u00bb{}\u00bb theme_builder_area=\u00bbpost_content\u00bb][et_pb_row _builder_version=\u00bb4.16&#8243; global_colors_info=\u00bb{}\u00bb theme_builder_area=\u00bbpost_content\u00bb][et_pb_column type=\u00bb4_4&#8243; _builder_version=\u00bb4.16&#8243; global_colors_info=\u00bb{}\u00bb theme_builder_area=\u00bbpost_content\u00bb][et_pb_toggle title=\u00bbNecesito un documento que acredite la actuaci\u00f3n de la Polic\u00eda Local en un accidente de tr\u00e1fico\u00bb icon_color=\u00bb#89ad1d\u00bb use_icon_font_size=\u00bbon\u00bb icon_font_size=\u00bb49px\u00bb open_icon_color=\u00bb#89ad1d\u00bb open_use_icon_font_size=\u00bbon\u00bb open_icon_font_size=\u00bb49px\u00bb _builder_version=\u00bb4.16&#8243; title_font=\u00bb|600|||||||\u00bb title_font_size=\u00bb30px\u00bb global_colors_info=\u00bb{}\u00bb theme_builder_area=\u00bbpost_content\u00bb]<\/p>\n<p>Si ha estado implicado en un siniestro puede solicitar copia-informe de actuaci\u00f3n mediante escrito presentado en el Registro General de Entrada del Ayuntamiento (Plaza Molina . N\u00ba 4).<\/p>\n<p>Debe presentar una instancia general o cualquier escrito, indicando la matr\u00edcula del veh\u00edculo y la fecha del accidente.\u00a0<\/p>\n<p>[\/et_pb_toggle][et_pb_toggle title=\u00bbHan robado en mi domicilio.\u00bb icon_color=\u00bb#89ad1d\u00bb use_icon_font_size=\u00bbon\u00bb icon_font_size=\u00bb49px\u00bb open_icon_color=\u00bb#89ad1d\u00bb open_use_icon_font_size=\u00bbon\u00bb open_icon_font_size=\u00bb49px\u00bb _builder_version=\u00bb4.16&#8243; title_font=\u00bb|600|||||||\u00bb title_font_size=\u00bb30px\u00bb global_colors_info=\u00bb{}\u00bb theme_builder_area=\u00bbpost_content\u00bb]<\/p>\n<p>Si ha estado implicado en un siniestro puede solicitar copia-informe de actuaci\u00f3n mediante escrito presentado en el Registro General de Entrada del Ayuntamiento (Plaza Molina . N\u00ba 4).<\/p>\n<p>Debe presentar una instancia general o cualquier escrito, indicando la matr\u00edcula del veh\u00edculo y la fecha del accidente.<\/p>\n<p>[\/et_pb_toggle][et_pb_toggle title=\u00bbSe ha disparado una alarma\u00bb icon_color=\u00bb#89ad1d\u00bb use_icon_font_size=\u00bbon\u00bb icon_font_size=\u00bb49px\u00bb open_icon_color=\u00bb#89ad1d\u00bb open_use_icon_font_size=\u00bbon\u00bb open_icon_font_size=\u00bb49px\u00bb _builder_version=\u00bb4.16&#8243; title_font=\u00bb|600|||||||\u00bb title_font_size=\u00bb30px\u00bb global_colors_info=\u00bb{}\u00bb theme_builder_area=\u00bbpost_content\u00bb]<\/p>\n<p>Contacte al 062 (Guardia Civil) y\/o al 965.53.01.68 de la Polic\u00eda Local y atenderemos su llamada durante las 24 horas del d\u00eda. Aunque no haga ruido, p\u00f3ngase en contacto con nosotros para prevenir cualquier riesgo de incendio o robo.\u00a0<\/p>\n<p>[\/et_pb_toggle][et_pb_toggle title=\u00bbHe detectado una aver\u00eda de sem\u00e1foros\u00bb icon_color=\u00bb#89ad1d\u00bb use_icon_font_size=\u00bbon\u00bb icon_font_size=\u00bb49px\u00bb open_icon_color=\u00bb#89ad1d\u00bb open_use_icon_font_size=\u00bbon\u00bb open_icon_font_size=\u00bb49px\u00bb _builder_version=\u00bb4.16&#8243; title_font=\u00bb|600|||||||\u00bb title_font_size=\u00bb30px\u00bb global_colors_info=\u00bb{}\u00bb theme_builder_area=\u00bbpost_content\u00bb]<\/p>\n<p>Deber\u00eda ponerse en contacto con la Polic\u00eda Local al 965.53.01.68 , y\/o avisar a los Servicios T\u00e9cnicos del Ayuntamiento al 965.53.05.57.\u00a0<\/p>\n<p>[\/et_pb_toggle][et_pb_toggle title=\u00bbHe detectado una deficiencia en la via p\u00fablica\u00bb icon_color=\u00bb#89ad1d\u00bb use_icon_font_size=\u00bbon\u00bb icon_font_size=\u00bb49px\u00bb open_icon_color=\u00bb#89ad1d\u00bb open_use_icon_font_size=\u00bbon\u00bb open_icon_font_size=\u00bb49px\u00bb _builder_version=\u00bb4.16&#8243; title_font=\u00bb|600|||||||\u00bb title_font_size=\u00bb30px\u00bb global_colors_info=\u00bb{}\u00bb theme_builder_area=\u00bbpost_content\u00bb]<\/p>\n<p>Si ha encontrado una deficiencia en las calles (rotura de se\u00f1ales de tr\u00e1fico, bolardos, socavones, hundimiento de la calzada, contenedores de residuos en mal estado\u2026) avise a la Polic\u00eda Local al 965.53.01.68 para que realice el parte correspondiente. (Puede tambi\u00e9n presentar una instancia a trav\u00e9s de la Sede Electr\u00f3nica)\u00a0<\/p>\n<p>[\/et_pb_toggle][\/et_pb_column][\/et_pb_row][\/et_pb_section]<\/p>\n","protected":false},"excerpt":{"rendered":"<p>La oficina de Objetos Perdidos se encuentra en las dependencias de la Polic\u00eda Local de Muro. A trav\u00e9s del tel\u00e9fono 965.53.01.68 se puede consultar si el objeto perdido est\u00e1 depositado [&hellip;]<\/p>\n","protected":false},"author":1,"featured_media":0,"parent":36925,"menu_order":0,"comment_status":"closed","ping_status":"closed","template":"","meta":{"_et_pb_use_builder":"on","_et_pb_old_content":"","_et_gb_content_width":"","footnotes":""},"class_list":["post-36930","page","type-page","status-publish","hentry"],"yoast_head":"<!-- This site is optimized with the Yoast SEO plugin v27.1.1 - https:\/\/yoast.com\/product\/yoast-seo-wordpress\/ -->\n<title>Preguntas frecuentes | Ajuntament de Muro<\/title>\n<meta name=\"robots\" content=\"index, follow, max-snippet:-1, max-image-preview:large, max-video-preview:-1\" \/>\n<link rel=\"canonical\" href=\"https:\/\/www.vilademuro.net\/es\/areas\/policia-local\/preguntas-frecuentes\/\" \/>\n<meta property=\"og:locale\" content=\"es_ES\" \/>\n<meta property=\"og:type\" content=\"article\" \/>\n<meta property=\"og:title\" content=\"Preguntas frecuentes | Ajuntament de Muro\" \/>\n<meta property=\"og:description\" content=\"La oficina de Objetos Perdidos se encuentra en las dependencias de la Polic\u00eda Local de Muro. A trav\u00e9s del tel\u00e9fono 965.53.01.68 se puede consultar si el objeto perdido est\u00e1 depositado [&hellip;]\" \/>\n<meta property=\"og:url\" content=\"https:\/\/www.vilademuro.net\/es\/areas\/policia-local\/preguntas-frecuentes\/\" \/>\n<meta property=\"og:site_name\" content=\"Ajuntament de Muro\" \/>\n<meta property=\"article:publisher\" content=\"https:\/\/www.facebook.com\/murodealcoy\" \/>\n<meta property=\"article:modified_time\" content=\"2024-03-14T13:11:00+00:00\" \/>\n<meta property=\"og:image\" content=\"https:\/\/www.vilademuro.net\/wp-content\/uploads\/2019\/12\/logo-color-e1585225385776.jpg\" \/>\n\t<meta property=\"og:image:width\" content=\"30\" \/>\n\t<meta property=\"og:image:height\" content=\"59\" \/>\n\t<meta property=\"og:image:type\" content=\"image\/jpeg\" \/>\n<meta name=\"twitter:card\" content=\"summary_large_image\" \/>\n<meta name=\"twitter:site\" content=\"@AjuntamentMuro\" \/>\n<meta name=\"twitter:label1\" content=\"Tiempo de lectura\" \/>\n\t<meta name=\"twitter:data1\" content=\"7 minutos\" \/>\n<script type=\"application\/ld+json\" class=\"yoast-schema-graph\">{\"@context\":\"https:\/\/schema.org\",\"@graph\":[{\"@type\":\"WebPage\",\"@id\":\"https:\/\/www.vilademuro.net\/es\/areas\/policia-local\/preguntas-frecuentes\/\",\"url\":\"https:\/\/www.vilademuro.net\/es\/areas\/policia-local\/preguntas-frecuentes\/\",\"name\":\"Preguntas frecuentes | Ajuntament de Muro\",\"isPartOf\":{\"@id\":\"https:\/\/www.vilademuro.net\/es\/#website\"},\"datePublished\":\"2020-01-07T07:29:45+00:00\",\"dateModified\":\"2024-03-14T13:11:00+00:00\",\"breadcrumb\":{\"@id\":\"https:\/\/www.vilademuro.net\/es\/areas\/policia-local\/preguntas-frecuentes\/#breadcrumb\"},\"inLanguage\":\"es\",\"potentialAction\":[{\"@type\":\"ReadAction\",\"target\":[\"https:\/\/www.vilademuro.net\/es\/areas\/policia-local\/preguntas-frecuentes\/\"]}]},{\"@type\":\"BreadcrumbList\",\"@id\":\"https:\/\/www.vilademuro.net\/es\/areas\/policia-local\/preguntas-frecuentes\/#breadcrumb\",\"itemListElement\":[{\"@type\":\"ListItem\",\"position\":1,\"name\":\"Inici\",\"item\":\"https:\/\/www.vilademuro.net\/es\/\"},{\"@type\":\"ListItem\",\"position\":2,\"name\":\"\u00c1reas\",\"item\":\"https:\/\/www.vilademuro.net\/es\/areas\/\"},{\"@type\":\"ListItem\",\"position\":3,\"name\":\"Policia Local\",\"item\":\"https:\/\/www.vilademuro.net\/es\/arees\/policia-local\/\"},{\"@type\":\"ListItem\",\"position\":4,\"name\":\"Preguntas frecuentes\"}]},{\"@type\":\"WebSite\",\"@id\":\"https:\/\/www.vilademuro.net\/es\/#website\",\"url\":\"https:\/\/www.vilademuro.net\/es\/\",\"name\":\"Ajuntament de Muro d'Alcoi\",\"description\":\"P\u00e1gina web oficial de l&#039;Ajuntament de Muro\",\"publisher\":{\"@id\":\"https:\/\/www.vilademuro.net\/es\/#organization\"},\"potentialAction\":[{\"@type\":\"SearchAction\",\"target\":{\"@type\":\"EntryPoint\",\"urlTemplate\":\"https:\/\/www.vilademuro.net\/es\/?s={search_term_string}\"},\"query-input\":{\"@type\":\"PropertyValueSpecification\",\"valueRequired\":true,\"valueName\":\"search_term_string\"}}],\"inLanguage\":\"es\"},{\"@type\":\"Organization\",\"@id\":\"https:\/\/www.vilademuro.net\/es\/#organization\",\"name\":\"Ajuntament de Muro\",\"url\":\"https:\/\/www.vilademuro.net\/es\/\",\"logo\":{\"@type\":\"ImageObject\",\"inLanguage\":\"es\",\"@id\":\"https:\/\/www.vilademuro.net\/es\/#\/schema\/logo\/image\/\",\"url\":\"https:\/\/www.vilademuro.net\/wp-content\/uploads\/2022\/10\/LOGO3-2.jpg\",\"contentUrl\":\"https:\/\/www.vilademuro.net\/wp-content\/uploads\/2022\/10\/LOGO3-2.jpg\",\"width\":756,\"height\":517,\"caption\":\"Ajuntament de Muro\"},\"image\":{\"@id\":\"https:\/\/www.vilademuro.net\/es\/#\/schema\/logo\/image\/\"},\"sameAs\":[\"https:\/\/www.facebook.com\/murodealcoy\",\"https:\/\/x.com\/AjuntamentMuro\",\"https:\/\/www.youtube.com\/channel\/UC2rwbKfRqsd1Ncwm6Y1prQw\"]}]}<\/script>\n<!-- \/ Yoast SEO plugin. -->","yoast_head_json":{"title":"Preguntas frecuentes | Ajuntament de Muro","robots":{"index":"index","follow":"follow","max-snippet":"max-snippet:-1","max-image-preview":"max-image-preview:large","max-video-preview":"max-video-preview:-1"},"canonical":"https:\/\/www.vilademuro.net\/es\/areas\/policia-local\/preguntas-frecuentes\/","og_locale":"es_ES","og_type":"article","og_title":"Preguntas frecuentes | Ajuntament de Muro","og_description":"La oficina de Objetos Perdidos se encuentra en las dependencias de la Polic\u00eda Local de Muro. A trav\u00e9s del tel\u00e9fono 965.53.01.68 se puede consultar si el objeto perdido est\u00e1 depositado [&hellip;]","og_url":"https:\/\/www.vilademuro.net\/es\/areas\/policia-local\/preguntas-frecuentes\/","og_site_name":"Ajuntament de Muro","article_publisher":"https:\/\/www.facebook.com\/murodealcoy","article_modified_time":"2024-03-14T13:11:00+00:00","og_image":[{"width":30,"height":59,"url":"https:\/\/www.vilademuro.net\/wp-content\/uploads\/2019\/12\/logo-color-e1585225385776.jpg","type":"image\/jpeg"}],"twitter_card":"summary_large_image","twitter_site":"@AjuntamentMuro","twitter_misc":{"Tiempo de lectura":"7 minutos"},"schema":{"@context":"https:\/\/schema.org","@graph":[{"@type":"WebPage","@id":"https:\/\/www.vilademuro.net\/es\/areas\/policia-local\/preguntas-frecuentes\/","url":"https:\/\/www.vilademuro.net\/es\/areas\/policia-local\/preguntas-frecuentes\/","name":"Preguntas frecuentes | Ajuntament de Muro","isPartOf":{"@id":"https:\/\/www.vilademuro.net\/es\/#website"},"datePublished":"2020-01-07T07:29:45+00:00","dateModified":"2024-03-14T13:11:00+00:00","breadcrumb":{"@id":"https:\/\/www.vilademuro.net\/es\/areas\/policia-local\/preguntas-frecuentes\/#breadcrumb"},"inLanguage":"es","potentialAction":[{"@type":"ReadAction","target":["https:\/\/www.vilademuro.net\/es\/areas\/policia-local\/preguntas-frecuentes\/"]}]},{"@type":"BreadcrumbList","@id":"https:\/\/www.vilademuro.net\/es\/areas\/policia-local\/preguntas-frecuentes\/#breadcrumb","itemListElement":[{"@type":"ListItem","position":1,"name":"Inici","item":"https:\/\/www.vilademuro.net\/es\/"},{"@type":"ListItem","position":2,"name":"\u00c1reas","item":"https:\/\/www.vilademuro.net\/es\/areas\/"},{"@type":"ListItem","position":3,"name":"Policia Local","item":"https:\/\/www.vilademuro.net\/es\/arees\/policia-local\/"},{"@type":"ListItem","position":4,"name":"Preguntas frecuentes"}]},{"@type":"WebSite","@id":"https:\/\/www.vilademuro.net\/es\/#website","url":"https:\/\/www.vilademuro.net\/es\/","name":"Ajuntament de Muro d'Alcoi","description":"P\u00e1gina web oficial de l&#039;Ajuntament de Muro","publisher":{"@id":"https:\/\/www.vilademuro.net\/es\/#organization"},"potentialAction":[{"@type":"SearchAction","target":{"@type":"EntryPoint","urlTemplate":"https:\/\/www.vilademuro.net\/es\/?s={search_term_string}"},"query-input":{"@type":"PropertyValueSpecification","valueRequired":true,"valueName":"search_term_string"}}],"inLanguage":"es"},{"@type":"Organization","@id":"https:\/\/www.vilademuro.net\/es\/#organization","name":"Ajuntament de Muro","url":"https:\/\/www.vilademuro.net\/es\/","logo":{"@type":"ImageObject","inLanguage":"es","@id":"https:\/\/www.vilademuro.net\/es\/#\/schema\/logo\/image\/","url":"https:\/\/www.vilademuro.net\/wp-content\/uploads\/2022\/10\/LOGO3-2.jpg","contentUrl":"https:\/\/www.vilademuro.net\/wp-content\/uploads\/2022\/10\/LOGO3-2.jpg","width":756,"height":517,"caption":"Ajuntament de Muro"},"image":{"@id":"https:\/\/www.vilademuro.net\/es\/#\/schema\/logo\/image\/"},"sameAs":["https:\/\/www.facebook.com\/murodealcoy","https:\/\/x.com\/AjuntamentMuro","https:\/\/www.youtube.com\/channel\/UC2rwbKfRqsd1Ncwm6Y1prQw"]}]}},"_links":{"self":[{"href":"https:\/\/www.vilademuro.net\/es\/wp-json\/wp\/v2\/pages\/36930","targetHints":{"allow":["GET"]}}],"collection":[{"href":"https:\/\/www.vilademuro.net\/es\/wp-json\/wp\/v2\/pages"}],"about":[{"href":"https:\/\/www.vilademuro.net\/es\/wp-json\/wp\/v2\/types\/page"}],"author":[{"embeddable":true,"href":"https:\/\/www.vilademuro.net\/es\/wp-json\/wp\/v2\/users\/1"}],"replies":[{"embeddable":true,"href":"https:\/\/www.vilademuro.net\/es\/wp-json\/wp\/v2\/comments?post=36930"}],"version-history":[{"count":0,"href":"https:\/\/www.vilademuro.net\/es\/wp-json\/wp\/v2\/pages\/36930\/revisions"}],"up":[{"embeddable":true,"href":"https:\/\/www.vilademuro.net\/es\/wp-json\/wp\/v2\/pages\/36925"}],"wp:attachment":[{"href":"https:\/\/www.vilademuro.net\/es\/wp-json\/wp\/v2\/media?parent=36930"}],"curies":[{"name":"wp","href":"https:\/\/api.w.org\/{rel}","templated":true}]}}