{"id":36921,"date":"2019-12-20T12:32:46","date_gmt":"2019-12-20T11:32:46","guid":{"rendered":"https:\/\/www.vilademuro.net\/areas\/participacion-ciudadana\/preguntas-frecuentes\/"},"modified":"2023-03-01T12:04:40","modified_gmt":"2023-03-01T11:04:40","slug":"preguntas-frecuentes","status":"publish","type":"page","link":"https:\/\/www.vilademuro.net\/es\/areas\/participacion-ciudadana\/preguntas-frecuentes\/","title":{"rendered":"Preguntas frecuentes"},"content":{"rendered":"<p>[et_pb_section fb_built=\u00bb1&#8243; _builder_version=\u00bb4.16&#8243; background_color=\u00bb#f3f3f3&#8243; custom_padding=\u00bb7px||3px|||\u00bb global_module=\u00bb47981&#8243; saved_tabs=\u00bball\u00bb global_colors_info=\u00bb{}\u00bb theme_builder_area=\u00bbpost_content\u00bb][et_pb_row column_structure=\u00bb1_5,1_5,1_5,1_5,1_5&#8243; _builder_version=\u00bb4.16&#8243; global_colors_info=\u00bb{}\u00bb theme_builder_area=\u00bbpost_content\u00bb][et_pb_column type=\u00bb1_5&#8243; _builder_version=\u00bb4.16&#8243; custom_padding=\u00bb|||\u00bb global_colors_info=\u00bb{}\u00bb custom_padding__hover=\u00bb|||\u00bb theme_builder_area=\u00bbpost_content\u00bb][et_pb_text _builder_version=\u00bb4.20.0&#8243; _dynamic_attributes=\u00bblink_option_url\u00bb text_font=\u00bb|600|||||||\u00bb text_text_color=\u00bb#89ad1d\u00bb text_font_size=\u00bb18px\u00bb custom_padding=\u00bb15px|15px|15px|15px|true|true\u00bb link_option_url=\u00bb@ET-DC@eyJkeW5hbWljIjp0cnVlLCJjb250ZW50IjoicG9zdF9saW5rX3VybF9wYWdlIiwic2V0dGluZ3MiOnsicG9zdF9pZCI6IjMxNjI4In19@\u00bb z_index_tablet=\u00bb500&#8243; custom_css_main_element=\u00bbpadding-bottom:1vw;||border-bottom: 1px solid #89AD1D;\t\u00bb text_text_shadow_horizontal_length_tablet=\u00bb0px\u00bb text_text_shadow_vertical_length_tablet=\u00bb0px\u00bb text_text_shadow_blur_strength_tablet=\u00bb1px\u00bb link_text_shadow_horizontal_length_tablet=\u00bb0px\u00bb link_text_shadow_vertical_length_tablet=\u00bb0px\u00bb link_text_shadow_blur_strength_tablet=\u00bb1px\u00bb ul_text_shadow_horizontal_length_tablet=\u00bb0px\u00bb ul_text_shadow_vertical_length_tablet=\u00bb0px\u00bb ul_text_shadow_blur_strength_tablet=\u00bb1px\u00bb ol_text_shadow_horizontal_length_tablet=\u00bb0px\u00bb ol_text_shadow_vertical_length_tablet=\u00bb0px\u00bb ol_text_shadow_blur_strength_tablet=\u00bb1px\u00bb quote_text_shadow_horizontal_length_tablet=\u00bb0px\u00bb quote_text_shadow_vertical_length_tablet=\u00bb0px\u00bb quote_text_shadow_blur_strength_tablet=\u00bb1px\u00bb header_text_shadow_horizontal_length_tablet=\u00bb0px\u00bb header_text_shadow_vertical_length_tablet=\u00bb0px\u00bb header_text_shadow_blur_strength_tablet=\u00bb1px\u00bb header_2_text_shadow_horizontal_length_tablet=\u00bb0px\u00bb header_2_text_shadow_vertical_length_tablet=\u00bb0px\u00bb header_2_text_shadow_blur_strength_tablet=\u00bb1px\u00bb header_3_text_shadow_horizontal_length_tablet=\u00bb0px\u00bb header_3_text_shadow_vertical_length_tablet=\u00bb0px\u00bb header_3_text_shadow_blur_strength_tablet=\u00bb1px\u00bb header_4_text_shadow_horizontal_length_tablet=\u00bb0px\u00bb header_4_text_shadow_vertical_length_tablet=\u00bb0px\u00bb header_4_text_shadow_blur_strength_tablet=\u00bb1px\u00bb header_5_text_shadow_horizontal_length_tablet=\u00bb0px\u00bb header_5_text_shadow_vertical_length_tablet=\u00bb0px\u00bb header_5_text_shadow_blur_strength_tablet=\u00bb1px\u00bb header_6_text_shadow_horizontal_length_tablet=\u00bb0px\u00bb header_6_text_shadow_vertical_length_tablet=\u00bb0px\u00bb header_6_text_shadow_blur_strength_tablet=\u00bb1px\u00bb border_color_bottom=\u00bb#89AD1D\u00bb box_shadow_horizontal_tablet=\u00bb0px\u00bb box_shadow_vertical_tablet=\u00bb0px\u00bb box_shadow_blur_tablet=\u00bb40px\u00bb box_shadow_spread_tablet=\u00bb0px\u00bb global_colors_info=\u00bb{}\u00bb background__hover_enabled=\u00bbon|hover\u00bb background_color__hover=\u00bb#89AD1D\u00bb background_enable_color__hover=\u00bbon\u00bb border_width_top__hover_enabled=\u00bbon|hover\u00bb border_width_top__hover=\u00bb15px\u00bb border_color_top__hover_enabled=\u00bbon|hover\u00bb border_color_top__hover=\u00bb#0c71c3&#8243; text_text_color__hover_enabled=\u00bbon|hover\u00bb text_text_color__hover=\u00bb#ffffff\u00bb border_color_all__hover_enabled=\u00bbon|hover\u00bb border_color_all__hover=\u00bb#757575&#8243; border_width_all__hover_enabled=\u00bbon|hover\u00bb theme_builder_area=\u00bbpost_content\u00bb]Calendario[\/et_pb_text][\/et_pb_column][et_pb_column type=\u00bb1_5&#8243; _builder_version=\u00bb4.16&#8243; custom_padding=\u00bb|||\u00bb global_colors_info=\u00bb{}\u00bb custom_padding__hover=\u00bb|||\u00bb theme_builder_area=\u00bbpost_content\u00bb][et_pb_text _builder_version=\u00bb4.20.0&#8243; _dynamic_attributes=\u00bblink_option_url\u00bb text_font=\u00bb|600|||||||\u00bb text_text_color=\u00bb#89AD1D\u00bb text_font_size=\u00bb18px\u00bb custom_padding=\u00bb15px|15px|15px|15px|true|true\u00bb link_option_url=\u00bb@ET-DC@eyJkeW5hbWljIjp0cnVlLCJjb250ZW50IjoicG9zdF9saW5rX3VybF9wYWdlIiwic2V0dGluZ3MiOnsicG9zdF9pZCI6IjMxNjQwIn19@\u00bb custom_css_main_element=\u00bbpadding-bottom:1vw;||border-bottom: 1px solid #89AD1D;\t\u00bb custom_css_after=\u00bb||\u00bb global_colors_info=\u00bb{}\u00bb background_color__hover=\u00bb#89AD1D\u00bb background_enable_color__hover=\u00bbon\u00bb text_text_color__hover=\u00bb#ffffff\u00bb text_text_color__hover_enabled=\u00bbon|hover\u00bb background__hover_enabled=\u00bbon|hover\u00bb border_width_bottom__hover_enabled=\u00bbon|hover\u00bb border_color_bottom__hover_enabled=\u00bbon|hover\u00bb border_color_top__hover_enabled=\u00bbon|hover\u00bb border_color_top__hover=\u00bb#0c71c3&#8243; border_width_top__hover_enabled=\u00bbon|hover\u00bb border_width_top__hover=\u00bb15px\u00bb theme_builder_area=\u00bbpost_content\u00bb]Propuestas[\/et_pb_text][\/et_pb_column][et_pb_column type=\u00bb1_5&#8243; _builder_version=\u00bb4.16&#8243; custom_padding=\u00bb|||\u00bb global_colors_info=\u00bb{}\u00bb custom_padding__hover=\u00bb|||\u00bb theme_builder_area=\u00bbpost_content\u00bb][et_pb_text _builder_version=\u00bb4.20.0&#8243; _dynamic_attributes=\u00bblink_option_url\u00bb text_font=\u00bb|600|||||||\u00bb text_text_color=\u00bb#89AD1D\u00bb text_font_size=\u00bb18px\u00bb custom_padding=\u00bb15px|15px|15px|15px|true|true\u00bb link_option_url=\u00bb@ET-DC@eyJkeW5hbWljIjp0cnVlLCJjb250ZW50IjoicG9zdF9saW5rX3VybF9wYWdlIiwic2V0dGluZ3MiOnsicG9zdF9pZCI6IjMxNjM1In19@\u00bb custom_css_main_element=\u00bbpadding-bottom:1vw;||border-bottom: 1px solid #89AD1D;\t\u00bb custom_css_after=\u00bb||\u00bb border_color_bottom=\u00bb#89AD1D\u00bb global_colors_info=\u00bb{}\u00bb background_color__hover=\u00bb#89AD1D\u00bb background_enable_color__hover=\u00bbon\u00bb text_text_color__hover=\u00bb#ffffff\u00bb text_text_color__hover_enabled=\u00bbon|hover\u00bb background__hover_enabled=\u00bbon|desktop\u00bb border_width_bottom__hover_enabled=\u00bbon|hover\u00bb border_width_top__hover_enabled=\u00bbon|hover\u00bb border_width_top__hover=\u00bb15px\u00bb border_color_top__hover_enabled=\u00bbon|hover\u00bb border_color_top__hover=\u00bb#0c71c3&#8243; theme_builder_area=\u00bbpost_content\u00bb]Puntos de votaci\u00f3n[\/et_pb_text][\/et_pb_column][et_pb_column type=\u00bb1_5&#8243; _builder_version=\u00bb4.16&#8243; custom_padding=\u00bb|||\u00bb global_colors_info=\u00bb{}\u00bb custom_padding__hover=\u00bb|||\u00bb theme_builder_area=\u00bbpost_content\u00bb][et_pb_text _builder_version=\u00bb4.20.0&#8243; _dynamic_attributes=\u00bblink_option_url\u00bb text_font=\u00bb|600|||||||\u00bb text_text_color=\u00bb#89AD1D\u00bb text_font_size=\u00bb18px\u00bb custom_padding=\u00bb15px|15px|15px|15px|true|true\u00bb link_option_url=\u00bb@ET-DC@eyJkeW5hbWljIjp0cnVlLCJjb250ZW50IjoicG9zdF9saW5rX3VybF9wYWdlIiwic2V0dGluZ3MiOnsicG9zdF9pZCI6IjMxNjgzIn19@\u00bb custom_css_main_element=\u00bbpadding-bottom:1vw;||border-bottom: 1px solid #89AD1D;\t\u00bb custom_css_after=\u00bb||\u00bb border_color_top=\u00bb#0c71c3&#8243; border_color_bottom=\u00bb#89AD1D\u00bb global_colors_info=\u00bb{}\u00bb background_color__hover=\u00bb#89AD1D\u00bb background_enable_color__hover=\u00bbon\u00bb text_text_color__hover=\u00bb#ffffff\u00bb text_text_color__hover_enabled=\u00bbon|hover\u00bb background__hover_enabled=\u00bbon|desktop\u00bb border_width_top__hover_enabled=\u00bbon|hover\u00bb border_width_top__hover=\u00bb15px\u00bb theme_builder_area=\u00bbpost_content\u00bb]Preguntas frecuentes[\/et_pb_text][\/et_pb_column][et_pb_column type=\u00bb1_5&#8243; _builder_version=\u00bb4.16&#8243; custom_padding=\u00bb|||\u00bb global_colors_info=\u00bb{}\u00bb custom_padding__hover=\u00bb|||\u00bb theme_builder_area=\u00bbpost_content\u00bb][et_pb_text _builder_version=\u00bb4.20.0&#8243; _dynamic_attributes=\u00bblink_option_url\u00bb text_font=\u00bb|600|||||||\u00bb text_text_color=\u00bb#89AD1D\u00bb text_font_size=\u00bb18px\u00bb custom_padding=\u00bb15px|15px|15px|15px|true|true\u00bb link_option_url=\u00bb@ET-DC@eyJkeW5hbWljIjp0cnVlLCJjb250ZW50IjoicG9zdF9saW5rX3VybF9wYWdlIiwic2V0dGluZ3MiOnsicG9zdF9pZCI6IjMxNjkwIn19@\u00bb custom_css_main_element=\u00bbpadding-bottom:1vw;||border-bottom: 1px solid #89AD1D;\t\u00bb custom_css_after=\u00bb||\u00bb border_color_bottom=\u00bb#89AD1D\u00bb global_colors_info=\u00bb{}\u00bb background_color__hover=\u00bb#89AD1D\u00bb background_enable_color__hover=\u00bbon\u00bb text_text_color__hover=\u00bb#ffffff\u00bb text_text_color__hover_enabled=\u00bbon|hover\u00bb background__hover_enabled=\u00bbon|desktop\u00bb border_width_bottom__hover_enabled=\u00bbon|hover\u00bb border_width_top__hover_enabled=\u00bbon|hover\u00bb border_width_top__hover=\u00bb15px\u00bb border_color_top__hover_enabled=\u00bbon|hover\u00bb border_color_top__hover=\u00bb#0c71c3&#8243; theme_builder_area=\u00bbpost_content\u00bb]Aviso legal y Pol\u00edtica de privacidad[\/et_pb_text][\/et_pb_column][\/et_pb_row][\/et_pb_section][et_pb_section fb_built=\u00bb1&#8243; fullwidth=\u00bbon\u00bb _builder_version=\u00bb4.20.0&#8243; _module_preset=\u00bbdefault\u00bb global_colors_info=\u00bb{}\u00bb theme_builder_area=\u00bbpost_content\u00bb][et_pb_fullwidth_image src=\u00bbhttps:\/\/www.vilademuro.net\/wp-content\/uploads\/2023\/02\/cabecera-participa.jpg\u00bb title_text=\u00bbcabecera-participa\u00bb _builder_version=\u00bb4.20.0&#8243; _module_preset=\u00bbdefault\u00bb global_colors_info=\u00bb{}\u00bb theme_builder_area=\u00bbpost_content\u00bb][\/et_pb_fullwidth_image][\/et_pb_section][et_pb_section fb_built=\u00bb1&#8243; admin_label=\u00bbsection\u00bb _builder_version=\u00bb4.16&#8243; custom_padding=\u00bb0px|||||\u00bb global_colors_info=\u00bb{}\u00bb theme_builder_area=\u00bbpost_content\u00bb][et_pb_row admin_label=\u00bbFila\u00bb _builder_version=\u00bb4.16&#8243; background_size=\u00bbinitial\u00bb background_position=\u00bbtop_left\u00bb background_repeat=\u00bbrepeat\u00bb hover_enabled=\u00bb0&#8243; global_colors_info=\u00bb{}\u00bb theme_builder_area=\u00bbpost_content\u00bb sticky_enabled=\u00bb0&#8243;][et_pb_column type=\u00bb4_4&#8243; _builder_version=\u00bb4.16&#8243; custom_padding=\u00bb|||\u00bb global_colors_info=\u00bb{}\u00bb custom_padding__hover=\u00bb|||\u00bb theme_builder_area=\u00bbpost_content\u00bb][et_pb_accordion open_toggle_text_color=\u00bb#89AD1D\u00bb icon_color=\u00bb#89AD1D\u00bb use_icon_font_size=\u00bbon\u00bb icon_font_size=\u00bb40px\u00bb _builder_version=\u00bb4.20.0&#8243; toggle_font=\u00bb|700|||||||\u00bb toggle_font_size=\u00bb20px\u00bb global_colors_info=\u00bb{}\u00bb theme_builder_area=\u00bbpost_content\u00bb][et_pb_accordion_item title=\u00bb\u00bfPuedo hacer propuestas si no estoy empadronado en Muro o soy menor de 16 a\u00f1os ?\u00bb open=\u00bbon\u00bb _builder_version=\u00bb4.16&#8243; global_colors_info=\u00bb{}\u00bb theme_builder_area=\u00bbpost_content\u00bb]S\u00ed, todas las propuestas realizadas per cualquier persona que sean beneficiosas para el pueblo son dignas de ser consideradas en cuenta, adem\u00e1s,\u00a0 todas pasar\u00e1n por una validaci\u00f3n t\u00e9cnica.<br \/>\n[\/et_pb_accordion_item][et_pb_accordion_item title=\u00bb\u00bfPuedo votar si no estoy empadronado\/da en Muro?\u00bb _builder_version=\u00bb4.16&#8243; global_colors_info=\u00bb{}\u00bb theme_builder_area=\u00bbpost_content\u00bb open=\u00bboff\u00bb]S\u00f3lo puedes votar si eres mayor de 16 a\u00f1os y est\u00e1 empadronado\/da.<br \/>\n[\/et_pb_accordion_item][et_pb_accordion_item title=\u00bb\u00bfD\u00f3nde est\u00e1 el punto de votaci\u00f3n presencial?\u00bb _builder_version=\u00bb4.20.0&#8243; global_colors_info=\u00bb{}\u00bb theme_builder_area=\u00bbpost_content\u00bb open=\u00bboff\u00bb]Se podr\u00e1 votar en el Ayuntamiento de 9h a 14h con el DNI.[\/et_pb_accordion_item][et_pb_accordion_item title=\u00bbLa web dice que he votado y no es cierto. \u00bfQu\u00e9 puedo hacer?\u00bb _builder_version=\u00bb4.20.0&#8243; global_colors_info=\u00bb{}\u00bb theme_builder_area=\u00bbpost_content\u00bb open=\u00bboff\u00bb]Puedes enviarnos un email a <a href=\"mailto:muroparticipa@vilademuro.net\">muroparticipa@vilademuro.net<\/a> con tus datos o ir a un Punto de Votaci\u00f3n Presencial donde te desbloquearemos y podr\u00e1s votar presencialmente.[\/et_pb_accordion_item][et_pb_accordion_item title=\u00bb\u00bfPuedo utilizar la misma direcci\u00f3n de email para diferentes DNI?\u00bb _builder_version=\u00bb4.20.0&#8243; global_colors_info=\u00bb{}\u00bb theme_builder_area=\u00bbpost_content\u00bb open=\u00bboff\u00bb]No, solo un email por DNI.[\/et_pb_accordion_item][et_pb_accordion_item title=\u00bb\u00bfCuantas propuestas puedo votar?\u00bb _builder_version=\u00bb4.20.0&#8243; global_colors_info=\u00bb{}\u00bb theme_builder_area=\u00bbpost_content\u00bb open=\u00bboff\u00bb]hay que votar tres propuestas obligatoriamente, asignando 1 punto a cada una.[\/et_pb_accordion_item][et_pb_accordion_item title=\u00bbNo he recibido ning\u00fan correo de validaci\u00f3n, \u00bfqu\u00e9 hago?\u00bb _builder_version=\u00bb4.20.0&#8243; global_colors_info=\u00bb{}\u00bb theme_builder_area=\u00bbpost_content\u00bb open=\u00bboff\u00bb]Comprueba que no te ha entrado directamente a la carpeta de SPAM o CORREO NO DESEADO. A veces puede tardar en enviarse el correo, vuelve a revisarlo en unos minutos. Si finalmente no lo recibes env\u00edanos un correo a\u00a0<a href=\"mailto:muroparticipa@vilademuro.net\">muroparticipa@vilademuro.net<\/a>\u00a0con tus datos y la direcci\u00f3n de email donde deber\u00edas haber recibido la validaci\u00f3n.[\/et_pb_accordion_item][et_pb_accordion_item title=\u00bbMe he equivocado votando, \u00bfpuedo votar de nuevo?\u00bb _builder_version=\u00bb4.20.0&#8243; global_colors_info=\u00bb{}\u00bb theme_builder_area=\u00bbpost_content\u00bb open=\u00bboff\u00bb]Para cambiar el voto deber\u00e1s ir al punto de votaci\u00f3n presencial para que te anulen el voto online y puedas votar presencialmente.[\/et_pb_accordion_item][et_pb_accordion_item title=\u00bb\u00bfCuantas propuestas se realizar\u00e1n?\u00bb _builder_version=\u00bb4.20.0&#8243; global_colors_info=\u00bb{}\u00bb theme_builder_area=\u00bbpost_content\u00bb open=\u00bboff\u00bb]Hay un presupuesto de 70000\u20ac, se realizar\u00e1 la propuesta m\u00e1s votada y as\u00ed sucesivamente hasta que se agote el presupuesto.[\/et_pb_accordion_item][\/et_pb_accordion][\/et_pb_column][\/et_pb_row][\/et_pb_section]<\/p>\n","protected":false},"excerpt":{"rendered":"<p>CalendarioPropuestasPuntos de votaci\u00f3nPreguntas frecuentesAviso legal y Pol\u00edtica de privacidadS\u00ed, todas las propuestas realizadas per cualquier persona que sean beneficiosas para el pueblo son dignas de ser consideradas en cuenta, adem\u00e1s,\u00a0 [&hellip;]<\/p>\n","protected":false},"author":1,"featured_media":0,"parent":36911,"menu_order":0,"comment_status":"closed","ping_status":"closed","template":"","meta":{"_et_pb_use_builder":"on","_et_pb_old_content":"","_et_gb_content_width":"","footnotes":""},"class_list":["post-36921","page","type-page","status-publish","hentry"],"yoast_head":"<!-- This site is optimized with the Yoast SEO plugin v27.1.1 - https:\/\/yoast.com\/product\/yoast-seo-wordpress\/ -->\n<title>Preguntas frecuentes | Ajuntament de Muro<\/title>\n<meta name=\"robots\" content=\"index, follow, max-snippet:-1, max-image-preview:large, max-video-preview:-1\" \/>\n<link rel=\"canonical\" href=\"https:\/\/www.vilademuro.net\/es\/areas\/participacion-ciudadana\/preguntas-frecuentes\/\" \/>\n<meta property=\"og:locale\" content=\"es_ES\" \/>\n<meta property=\"og:type\" content=\"article\" \/>\n<meta property=\"og:title\" content=\"Preguntas frecuentes | Ajuntament de Muro\" \/>\n<meta property=\"og:description\" content=\"CalendarioPropuestasPuntos de votaci\u00f3nPreguntas frecuentesAviso legal y Pol\u00edtica de privacidadS\u00ed, todas las propuestas realizadas per cualquier persona que sean beneficiosas para el pueblo son dignas de ser consideradas en cuenta, adem\u00e1s,\u00a0 [&hellip;]\" \/>\n<meta property=\"og:url\" content=\"https:\/\/www.vilademuro.net\/es\/areas\/participacion-ciudadana\/preguntas-frecuentes\/\" \/>\n<meta property=\"og:site_name\" content=\"Ajuntament de Muro\" \/>\n<meta property=\"article:publisher\" content=\"https:\/\/www.facebook.com\/murodealcoy\" \/>\n<meta property=\"article:modified_time\" content=\"2023-03-01T11:04:40+00:00\" \/>\n<meta property=\"og:image\" content=\"https:\/\/www.vilademuro.net\/wp-content\/uploads\/2019\/12\/logo-color-e1585225385776.jpg\" \/>\n\t<meta property=\"og:image:width\" content=\"30\" \/>\n\t<meta property=\"og:image:height\" content=\"59\" \/>\n\t<meta property=\"og:image:type\" content=\"image\/jpeg\" \/>\n<meta name=\"twitter:card\" content=\"summary_large_image\" \/>\n<meta name=\"twitter:site\" content=\"@AjuntamentMuro\" \/>\n<meta name=\"twitter:label1\" content=\"Tiempo de lectura\" \/>\n\t<meta name=\"twitter:data1\" content=\"9 minutos\" \/>\n<script type=\"application\/ld+json\" class=\"yoast-schema-graph\">{\"@context\":\"https:\/\/schema.org\",\"@graph\":[{\"@type\":\"WebPage\",\"@id\":\"https:\/\/www.vilademuro.net\/es\/areas\/participacion-ciudadana\/preguntas-frecuentes\/\",\"url\":\"https:\/\/www.vilademuro.net\/es\/areas\/participacion-ciudadana\/preguntas-frecuentes\/\",\"name\":\"Preguntas frecuentes | Ajuntament de Muro\",\"isPartOf\":{\"@id\":\"https:\/\/www.vilademuro.net\/es\/#website\"},\"datePublished\":\"2019-12-20T11:32:46+00:00\",\"dateModified\":\"2023-03-01T11:04:40+00:00\",\"breadcrumb\":{\"@id\":\"https:\/\/www.vilademuro.net\/es\/areas\/participacion-ciudadana\/preguntas-frecuentes\/#breadcrumb\"},\"inLanguage\":\"es\",\"potentialAction\":[{\"@type\":\"ReadAction\",\"target\":[\"https:\/\/www.vilademuro.net\/es\/areas\/participacion-ciudadana\/preguntas-frecuentes\/\"]}]},{\"@type\":\"BreadcrumbList\",\"@id\":\"https:\/\/www.vilademuro.net\/es\/areas\/participacion-ciudadana\/preguntas-frecuentes\/#breadcrumb\",\"itemListElement\":[{\"@type\":\"ListItem\",\"position\":1,\"name\":\"Inici\",\"item\":\"https:\/\/www.vilademuro.net\/es\/\"},{\"@type\":\"ListItem\",\"position\":2,\"name\":\"\u00c1reas\",\"item\":\"https:\/\/www.vilademuro.net\/es\/areas\/\"},{\"@type\":\"ListItem\",\"position\":3,\"name\":\"Participaci\u00f3n ciudadana\",\"item\":\"https:\/\/www.vilademuro.net\/es\/arees\/participacio-ciutadana\/\"},{\"@type\":\"ListItem\",\"position\":4,\"name\":\"Preguntas frecuentes\"}]},{\"@type\":\"WebSite\",\"@id\":\"https:\/\/www.vilademuro.net\/es\/#website\",\"url\":\"https:\/\/www.vilademuro.net\/es\/\",\"name\":\"Ajuntament de Muro d'Alcoi\",\"description\":\"P\u00e1gina web oficial de l&#039;Ajuntament de Muro\",\"publisher\":{\"@id\":\"https:\/\/www.vilademuro.net\/es\/#organization\"},\"potentialAction\":[{\"@type\":\"SearchAction\",\"target\":{\"@type\":\"EntryPoint\",\"urlTemplate\":\"https:\/\/www.vilademuro.net\/es\/?s={search_term_string}\"},\"query-input\":{\"@type\":\"PropertyValueSpecification\",\"valueRequired\":true,\"valueName\":\"search_term_string\"}}],\"inLanguage\":\"es\"},{\"@type\":\"Organization\",\"@id\":\"https:\/\/www.vilademuro.net\/es\/#organization\",\"name\":\"Ajuntament de Muro\",\"url\":\"https:\/\/www.vilademuro.net\/es\/\",\"logo\":{\"@type\":\"ImageObject\",\"inLanguage\":\"es\",\"@id\":\"https:\/\/www.vilademuro.net\/es\/#\/schema\/logo\/image\/\",\"url\":\"https:\/\/www.vilademuro.net\/wp-content\/uploads\/2022\/10\/LOGO3-2.jpg\",\"contentUrl\":\"https:\/\/www.vilademuro.net\/wp-content\/uploads\/2022\/10\/LOGO3-2.jpg\",\"width\":756,\"height\":517,\"caption\":\"Ajuntament de Muro\"},\"image\":{\"@id\":\"https:\/\/www.vilademuro.net\/es\/#\/schema\/logo\/image\/\"},\"sameAs\":[\"https:\/\/www.facebook.com\/murodealcoy\",\"https:\/\/x.com\/AjuntamentMuro\",\"https:\/\/www.youtube.com\/channel\/UC2rwbKfRqsd1Ncwm6Y1prQw\"]}]}<\/script>\n<!-- \/ Yoast SEO plugin. -->","yoast_head_json":{"title":"Preguntas frecuentes | Ajuntament de Muro","robots":{"index":"index","follow":"follow","max-snippet":"max-snippet:-1","max-image-preview":"max-image-preview:large","max-video-preview":"max-video-preview:-1"},"canonical":"https:\/\/www.vilademuro.net\/es\/areas\/participacion-ciudadana\/preguntas-frecuentes\/","og_locale":"es_ES","og_type":"article","og_title":"Preguntas frecuentes | Ajuntament de Muro","og_description":"CalendarioPropuestasPuntos de votaci\u00f3nPreguntas frecuentesAviso legal y Pol\u00edtica de privacidadS\u00ed, todas las propuestas realizadas per cualquier persona que sean beneficiosas para el pueblo son dignas de ser consideradas en cuenta, adem\u00e1s,\u00a0 [&hellip;]","og_url":"https:\/\/www.vilademuro.net\/es\/areas\/participacion-ciudadana\/preguntas-frecuentes\/","og_site_name":"Ajuntament de Muro","article_publisher":"https:\/\/www.facebook.com\/murodealcoy","article_modified_time":"2023-03-01T11:04:40+00:00","og_image":[{"width":30,"height":59,"url":"https:\/\/www.vilademuro.net\/wp-content\/uploads\/2019\/12\/logo-color-e1585225385776.jpg","type":"image\/jpeg"}],"twitter_card":"summary_large_image","twitter_site":"@AjuntamentMuro","twitter_misc":{"Tiempo de lectura":"9 minutos"},"schema":{"@context":"https:\/\/schema.org","@graph":[{"@type":"WebPage","@id":"https:\/\/www.vilademuro.net\/es\/areas\/participacion-ciudadana\/preguntas-frecuentes\/","url":"https:\/\/www.vilademuro.net\/es\/areas\/participacion-ciudadana\/preguntas-frecuentes\/","name":"Preguntas frecuentes | Ajuntament de Muro","isPartOf":{"@id":"https:\/\/www.vilademuro.net\/es\/#website"},"datePublished":"2019-12-20T11:32:46+00:00","dateModified":"2023-03-01T11:04:40+00:00","breadcrumb":{"@id":"https:\/\/www.vilademuro.net\/es\/areas\/participacion-ciudadana\/preguntas-frecuentes\/#breadcrumb"},"inLanguage":"es","potentialAction":[{"@type":"ReadAction","target":["https:\/\/www.vilademuro.net\/es\/areas\/participacion-ciudadana\/preguntas-frecuentes\/"]}]},{"@type":"BreadcrumbList","@id":"https:\/\/www.vilademuro.net\/es\/areas\/participacion-ciudadana\/preguntas-frecuentes\/#breadcrumb","itemListElement":[{"@type":"ListItem","position":1,"name":"Inici","item":"https:\/\/www.vilademuro.net\/es\/"},{"@type":"ListItem","position":2,"name":"\u00c1reas","item":"https:\/\/www.vilademuro.net\/es\/areas\/"},{"@type":"ListItem","position":3,"name":"Participaci\u00f3n ciudadana","item":"https:\/\/www.vilademuro.net\/es\/arees\/participacio-ciutadana\/"},{"@type":"ListItem","position":4,"name":"Preguntas frecuentes"}]},{"@type":"WebSite","@id":"https:\/\/www.vilademuro.net\/es\/#website","url":"https:\/\/www.vilademuro.net\/es\/","name":"Ajuntament de Muro d'Alcoi","description":"P\u00e1gina web oficial de l&#039;Ajuntament de Muro","publisher":{"@id":"https:\/\/www.vilademuro.net\/es\/#organization"},"potentialAction":[{"@type":"SearchAction","target":{"@type":"EntryPoint","urlTemplate":"https:\/\/www.vilademuro.net\/es\/?s={search_term_string}"},"query-input":{"@type":"PropertyValueSpecification","valueRequired":true,"valueName":"search_term_string"}}],"inLanguage":"es"},{"@type":"Organization","@id":"https:\/\/www.vilademuro.net\/es\/#organization","name":"Ajuntament de Muro","url":"https:\/\/www.vilademuro.net\/es\/","logo":{"@type":"ImageObject","inLanguage":"es","@id":"https:\/\/www.vilademuro.net\/es\/#\/schema\/logo\/image\/","url":"https:\/\/www.vilademuro.net\/wp-content\/uploads\/2022\/10\/LOGO3-2.jpg","contentUrl":"https:\/\/www.vilademuro.net\/wp-content\/uploads\/2022\/10\/LOGO3-2.jpg","width":756,"height":517,"caption":"Ajuntament de Muro"},"image":{"@id":"https:\/\/www.vilademuro.net\/es\/#\/schema\/logo\/image\/"},"sameAs":["https:\/\/www.facebook.com\/murodealcoy","https:\/\/x.com\/AjuntamentMuro","https:\/\/www.youtube.com\/channel\/UC2rwbKfRqsd1Ncwm6Y1prQw"]}]}},"_links":{"self":[{"href":"https:\/\/www.vilademuro.net\/es\/wp-json\/wp\/v2\/pages\/36921","targetHints":{"allow":["GET"]}}],"collection":[{"href":"https:\/\/www.vilademuro.net\/es\/wp-json\/wp\/v2\/pages"}],"about":[{"href":"https:\/\/www.vilademuro.net\/es\/wp-json\/wp\/v2\/types\/page"}],"author":[{"embeddable":true,"href":"https:\/\/www.vilademuro.net\/es\/wp-json\/wp\/v2\/users\/1"}],"replies":[{"embeddable":true,"href":"https:\/\/www.vilademuro.net\/es\/wp-json\/wp\/v2\/comments?post=36921"}],"version-history":[{"count":0,"href":"https:\/\/www.vilademuro.net\/es\/wp-json\/wp\/v2\/pages\/36921\/revisions"}],"up":[{"embeddable":true,"href":"https:\/\/www.vilademuro.net\/es\/wp-json\/wp\/v2\/pages\/36911"}],"wp:attachment":[{"href":"https:\/\/www.vilademuro.net\/es\/wp-json\/wp\/v2\/media?parent=36921"}],"curies":[{"name":"wp","href":"https:\/\/api.w.org\/{rel}","templated":true}]}}