{"id":36048,"date":"2020-02-06T09:11:55","date_gmt":"2020-02-06T08:11:55","guid":{"rendered":"https:\/\/www.vilademuro.net\/aviso-legal\/politica-de-privacidad\/"},"modified":"2023-05-23T12:14:17","modified_gmt":"2023-05-23T10:14:17","slug":"politica-de-privacidad","status":"publish","type":"page","link":"https:\/\/www.vilademuro.net\/es\/aviso-legal-y-privacidad\/politica-de-privacidad\/","title":{"rendered":"Pol\u00edtica de privacidad"},"content":{"rendered":"<p>[et_pb_section fb_built=\u00bb1&#8243; _builder_version=\u00bb4.16&#8243; global_colors_info=\u00bb{}\u00bb theme_builder_area=\u00bbpost_content\u00bb][et_pb_row _builder_version=\u00bb4.16&#8243; background_size=\u00bbinitial\u00bb background_position=\u00bbtop_left\u00bb background_repeat=\u00bbrepeat\u00bb global_colors_info=\u00bb{}\u00bb theme_builder_area=\u00bbpost_content\u00bb][et_pb_column type=\u00bb4_4&#8243; _builder_version=\u00bb4.16&#8243; custom_padding=\u00bb|||\u00bb global_colors_info=\u00bb{}\u00bb custom_padding__hover=\u00bb|||\u00bb theme_builder_area=\u00bbpost_content\u00bb][et_pb_text _builder_version=\u00bb4.20.0&#8243; vertical_offset_tablet=\u00bb0&#8243; horizontal_offset_tablet=\u00bb0&#8243; z_index_tablet=\u00bb0&#8243; text_text_shadow_horizontal_length_tablet=\u00bb0px\u00bb text_text_shadow_vertical_length_tablet=\u00bb0px\u00bb text_text_shadow_blur_strength_tablet=\u00bb1px\u00bb link_text_shadow_horizontal_length_tablet=\u00bb0px\u00bb link_text_shadow_vertical_length_tablet=\u00bb0px\u00bb link_text_shadow_blur_strength_tablet=\u00bb1px\u00bb ul_text_shadow_horizontal_length_tablet=\u00bb0px\u00bb ul_text_shadow_vertical_length_tablet=\u00bb0px\u00bb ul_text_shadow_blur_strength_tablet=\u00bb1px\u00bb ol_text_shadow_horizontal_length_tablet=\u00bb0px\u00bb ol_text_shadow_vertical_length_tablet=\u00bb0px\u00bb ol_text_shadow_blur_strength_tablet=\u00bb1px\u00bb quote_text_shadow_horizontal_length_tablet=\u00bb0px\u00bb quote_text_shadow_vertical_length_tablet=\u00bb0px\u00bb quote_text_shadow_blur_strength_tablet=\u00bb1px\u00bb header_text_shadow_horizontal_length_tablet=\u00bb0px\u00bb header_text_shadow_vertical_length_tablet=\u00bb0px\u00bb header_text_shadow_blur_strength_tablet=\u00bb1px\u00bb header_2_text_shadow_horizontal_length_tablet=\u00bb0px\u00bb header_2_text_shadow_vertical_length_tablet=\u00bb0px\u00bb header_2_text_shadow_blur_strength_tablet=\u00bb1px\u00bb header_3_text_shadow_horizontal_length_tablet=\u00bb0px\u00bb header_3_text_shadow_vertical_length_tablet=\u00bb0px\u00bb header_3_text_shadow_blur_strength_tablet=\u00bb1px\u00bb header_4_text_shadow_horizontal_length_tablet=\u00bb0px\u00bb header_4_text_shadow_vertical_length_tablet=\u00bb0px\u00bb header_4_text_shadow_blur_strength_tablet=\u00bb1px\u00bb header_5_text_shadow_horizontal_length_tablet=\u00bb0px\u00bb header_5_text_shadow_vertical_length_tablet=\u00bb0px\u00bb header_5_text_shadow_blur_strength_tablet=\u00bb1px\u00bb header_6_text_shadow_horizontal_length_tablet=\u00bb0px\u00bb header_6_text_shadow_vertical_length_tablet=\u00bb0px\u00bb header_6_text_shadow_blur_strength_tablet=\u00bb1px\u00bb box_shadow_horizontal_tablet=\u00bb0px\u00bb box_shadow_vertical_tablet=\u00bb0px\u00bb box_shadow_blur_tablet=\u00bb40px\u00bb box_shadow_spread_tablet=\u00bb0px\u00bb global_colors_info=\u00bb{}\u00bb theme_builder_area=\u00bbpost_content\u00bb]<\/p>\n<p>La visita a los portales institucionales del Ajuntament de Muro de Alcoy se efect\u00faa en forma an\u00f3nima.<\/p>\n<p>Solamente para poder acceder a alguno de los servicios de la web que dispongan de gesti\u00f3n o tr\u00e1mite espec\u00edfico, los usuarios y las usuarias habr\u00e1n de suministrar los datos personales imprescindibles para la prestaci\u00f3n del servicio solicitado. A trav\u00e9s de este sitio web no se recaban datos de car\u00e1cter personal sin su conocimiento, ni se ceden a terceros.<\/p>\n<p>Con la finalidad de ofrecerle el mejor servicio y con el objeto de facilitar el uso, se analizan el n\u00famero de p\u00e1ginas visitadas, el n\u00famero de visitas, as\u00ed como la actividad de los visitantes y su frecuencia de utilizaci\u00f3n. A estos efectos, el Ajuntament de Muro de Alcoy utiliza la informaci\u00f3n estad\u00edstica elaborada por el Proveedor de Servicios de Internet.<\/p>\n<p>El Ajuntament de Muro de Alcoy, no utiliza cookies para recoger informaci\u00f3n de los usuarios, ni registra las direcciones IP de acceso. \u00danicamente se utilizan cookies propias, de sesi\u00f3n, con finalidad t\u00e9cnica (aquellas que permiten al usuario la navegaci\u00f3n a trav\u00e9s del sitio web y la utilizaci\u00f3n de las diferentes opciones y servicios que en ella existen).<\/p>\n<p>El portal del que es titular el Ajuntament de Muro de Alcoy contiene enlaces a sitios web de terceros, cuyas pol\u00edticas de privacidad son ajenas a la del Ajuntament de Muro de Alcoy. Al acceder a tales sitios web, usted puede decidir si acepta sus pol\u00edticas de privacidad y de cookies. Con car\u00e1cter general, si navega por internet usted puede aceptar o rechazar las cookies de terceros desde las opciones de configuraci\u00f3n de su navegador.<\/p>\n<h4><strong>Informaci\u00f3n b\u00e1sica sobre protecci\u00f3n de datos<\/strong><\/h4>\n<p>A continuaci\u00f3n, le informamos sobre la pol\u00edtica de protecci\u00f3n de datos del Ajuntament de Muro de Alcoy.<\/p>\n<h4><strong>Responsable del tratamiento<\/strong><\/h4>\n<p>Los datos de car\u00e1cter personal que se pudieran recabar directamente del interesado ser\u00e1n tratados de forma confidencial y quedar\u00e1n incorporados a la correspondiente actividad de tratamiento titularidad del Ajuntament de Muro de Alcoy.<\/p>\n<p>La relaci\u00f3n actualizada de las actividades de tratamiento que lleva a cabo se encuentra disponible en el area de protecci\u00f3n de datos de la web del Ajuntament de Muro de Alcoy en el siguiente <a href=\"https:\/\/www.vilademuro.net\/es\/proteccion-de-datos\/\">enlace.<\/a>\u00a0<\/p>\n<h4><strong>Finalidad<\/strong><\/h4>\n<p>La finalidad del tratamiento de los datos corresponde a cada una de las actividades de tratamiento que realiza el Ajuntament de Muro de Alcoy y que est\u00e1n accesibles en el area de protecci\u00f3n de datos de la web del Ajuntament de Muro de Alcoy. en el siguiente<a href=\"https:\/\/vilademuro.sedelectronica.es\/?x=QwZj9Wprr3zjM0FWjuMVaJfe226cRH01KmkCx77UVXxX6Nu2ra316I8RgHKGeJvMEQ6HOO0w5VydcMEFtcq0dh1DkfRFUFez5pwh-cvby1PYyaJUzsTcnQ\">\u00a0<\/a><a href=\"https:\/\/www.vilademuro.net\/es\/proteccion-de-datos\/\">enlace.<\/a><a href=\"https:\/\/vilademuro.sedelectronica.es\/?x=QwZj9Wprr3zjM0FWjuMVaJfe226cRH01KmkCx77UVXxX6Nu2ra316I8RgHKGeJvMEQ6HOO0w5VydcMEFtcq0dh1DkfRFUFez5pwh-cvby1PYyaJUzsTcnQ\">\u00a0<\/a><\/p>\n<h4><strong>Legitimaci\u00f3n<\/strong><\/h4>\n<p>El tratamiento de sus datos se realiza para el cumplimiento de obligaciones legales por parte del Ajuntament de Muro de Alcoy, para el cumplimiento de misiones realizadas en inter\u00e9s p\u00fablico o en el ejercicio de poderes p\u00fablicos conferidos al Ajuntament de Muro de Alcoy, as\u00ed como cuando la finalidad del tratamiento requiera su consentimiento, que habr\u00e1 de ser prestado mediante una clara acci\u00f3n afirmativa.<\/p>\n<p>Puede consultar la base legal para cada una de las actividades de tratamiento que lleva a cabo el Ajuntament de Muro de Alcoy\u00a0 en el area de protecci\u00f3n de datos de la web del Ajuntament de Muro de Alcoy. en el siguiente<a href=\"https:\/\/vilademuro.sedelectronica.es\/?x=QwZj9Wprr3zjM0FWjuMVaJfe226cRH01KmkCx77UVXxX6Nu2ra316I8RgHKGeJvMEQ6HOO0w5VydcMEFtcq0dh1DkfRFUFez5pwh-cvby1PYyaJUzsTcnQ\">\u00a0<\/a><a href=\"https:\/\/www.vilademuro.net\/es\/proteccion-de-datos\/\">enlace.<\/a><a href=\"https:\/\/vilademuro.sedelectronica.es\/?x=QwZj9Wprr3zjM0FWjuMVaJfe226cRH01KmkCx77UVXxX6Nu2ra316I8RgHKGeJvMEQ6HOO0w5VydcMEFtcq0dh1DkfRFUFez5pwh-cvby1PYyaJUzsTcnQ\">\u00a0<\/a><\/p>\n<h4><strong>Conservaci\u00f3n de datos<\/strong><\/h4>\n<p>Los datos personales proporcionados se conservar\u00e1n durante el tiempo necesario para cumplir con la finalidad para la que se recaban y para determinar las posibles responsabilidades que se pudieran derivar de la finalidad, adem\u00e1s de los per\u00edodos establecidos en la normativa de archivos y documentaci\u00f3n.<\/p>\n<h4><strong>Comunicaci\u00f3n de datos<\/strong><\/h4>\n<p>Con car\u00e1cter general no se comunicar\u00e1n los datos personales a terceros, salvo obligaci\u00f3n legal, entre las que pueden estar las comunicaciones al Instituto Nacional de Estad\u00edstica. Bancos, Organismos de la Seguridad Social, Hacienda p\u00fablica y Administraci\u00f3n tributaria, \u00d3rganos Judiciales, Tribunal de cuentas o equivalente auton\u00f3mico, Bancos, Cajas de Ahorros y Cajas Rurales, Entidades Aseguradoras, Entidades Sanitarias, Fuerzas y Cuerpos de Seguridad. \u00d3rganos del Estado y Comunidades Aut\u00f3nomas cuando se pueda realizar la comunicaci\u00f3n de datos conforme al art\u00edculo 6 del RGPD relativo a la legitimaci\u00f3n del tratamiento, interesados en los procedimientos relacionados con las reclamaciones presentadas y tr\u00e1mites administrativos propios del Ajuntament de Muro de Alcoy.<\/p>\n<p>Puede consultar los destinatarios para cada una de las actividades de tratamiento que lleva a cabo el Ajuntament de Muro de Alcoy en el area de protecci\u00f3n de datos de la web del Ajuntament de Muro de Alcoy. en el siguiente<a href=\"https:\/\/vilademuro.sedelectronica.es\/?x=QwZj9Wprr3zjM0FWjuMVaJfe226cRH01KmkCx77UVXxX6Nu2ra316I8RgHKGeJvMEQ6HOO0w5VydcMEFtcq0dh1DkfRFUFez5pwh-cvby1PYyaJUzsTcnQ\">\u00a0<\/a><a href=\"https:\/\/www.vilademuro.net\/es\/proteccion-de-datos\/\">enlace.<\/a><a href=\"https:\/\/vilademuro.sedelectronica.es\/?x=QwZj9Wprr3zjM0FWjuMVaJfe226cRH01KmkCx77UVXxX6Nu2ra316I8RgHKGeJvMEQ6HOO0w5VydcMEFtcq0dh1DkfRFUFez5pwh-cvby1PYyaJUzsTcnQ\">\u00a0<\/a><\/p>\n<h4><strong>Derechos de los interesados<\/strong><\/h4>\n<p>Cualquier persona tiene derecho a obtener confirmaci\u00f3n sobre los tratamientos que de sus datos se llevan a cabo por el Ajuntament de Muro de Alcoy.<\/p>\n<p>Puede ejercer sus derechos de acceso, rectificaci\u00f3n, supresi\u00f3n y portabilidad de sus datos, de limitaci\u00f3n y oposici\u00f3n a su tratamiento, as\u00ed como a no ser objeto de decisiones basadas \u00fanicamente en el tratamiento automatizado de sus datos, cuando procedan, ante el Ajuntament de Muro de Alcoy, Placeta Molina, 4, 03830 Muro o en la direcci\u00f3n de correo electr\u00f3nico\u00a0<a href=\"mailto:privacidad@vilademuro.net?subject=Derechos%20de%20los%20interesados\">privacidad@vilademuro.net<\/a>.<\/p>\n<h4><strong>Redes Sociales<\/strong><\/h4>\n<p>Redes sociales normas de funcionamiento Ajuntament de Muro de Alcoy<\/p>\n<h5><strong>Objeto<\/strong><\/h5>\n<p>Dar visibilidad y difusi\u00f3n de las actividades municipales que desarrollan en Ajuntament de Muro de Alcoy.<\/p>\n<ul>\n<li>Tratamiento de datos de car\u00e1cter personal: En los servicios que se den mediante herramientas como Facebook, Tuenti, Myspace, Twitter., Instagram, etc., Ajuntament de Muro de Alcoy no recoger\u00e1 ni har\u00e1 ning\u00fan tratamiento de los datos de car\u00e1cter personal. Estos datos quedar\u00e1n almacenados en los servidores de los respectivos servicios y se regir\u00e1n por su propia pol\u00edtica de privacidad.<\/li>\n<li>Condiciones de uso\n<ul>\n<li style=\"list-style-type: none;\">\n<ul>\n<li>Todo lo establecido en el punto 2 de las Condiciones generales de uso de las redes sociales del Ajuntament de Muro de Alcoy:\u00a0<a href=\"https:\/\/www.facebook.com\/murodealcoy?filter=3\">https:\/\/www.facebook.com\/murodealcoy?filter=3<\/a><\/li>\n<li>No publicar informaciones que no respondan a los requisitos de veracidad, inter\u00e9s p\u00fablico y respeto a la dignidad de las personas<\/li>\n<li>No grabar ni publicar im\u00e1genes, v\u00eddeos o cualquier otro tipo de registro sin el consentimiento de las personas afectadas. Tener en cuenta que si podemos publicar siempre que:\u00a0<strong>los hechos as\u00ed publicados podr\u00edan tener la consideraci\u00f3n de hechos noticiables en los que se manifieste la existencia de un inter\u00e9s p\u00fablico con el fin de que se d\u00e9 a conocer los mismos a la colectividad<\/strong>.<\/li>\n<li>El Ajuntament de Muro de Alcoy no se identifica con las opiniones expresadas por otros ni con la ideolog\u00eda de los perfiles con los que tenga amistad en ninguna red social.<\/li>\n<li>El Ajuntament de Muro de Alcoy se reserva el derecho de eliminar de sus redes sociales cualquier informaci\u00f3n publicada por otros que vulnere la legalidad, incite a hacerlo, o contenga mensajes que atenten contra la dignidad de personas o instituciones. As\u00ed como de bloquear o denunciar el perfil autor de estos mensajes.\n<ul>\n<li>Recomendaciones a los usuarios\/las usuarias\n<ul>\n<li>Revise y lea las condiciones generales de uso y la pol\u00edtica de privacidad de la red social en el momento de registrarse.<\/li>\n<li>Aprenda las posibilidades de configuraci\u00f3n y uso que la red ofrezca.<\/li>\n<li>Configure adecuadamente el grado de privacidad del perfil de usuario\/de usuaria la red social.<\/li>\n<li>No publique informaci\u00f3n excesiva sobre su vida personal y familiar.<\/li>\n<li>Tenga cuidado con la publicaci\u00f3n de contenidos audiovisuales y gr\u00e1ficos en su perfil, especialmente si se alojar\u00e1n im\u00e1genes relativas a terceras personas.<\/li>\n<li>No ofrezca datos de terceros en su espacio sin el previo consentimiento de \u00e9stos.<\/li>\n<\/ul>\n<\/li>\n<\/ul>\n<\/li>\n<\/ul>\n<\/li>\n<\/ul>\n<\/li>\n<\/ul>\n<p>[\/et_pb_text][\/et_pb_column][\/et_pb_row][\/et_pb_section]<\/p>\n","protected":false},"excerpt":{"rendered":"<p>La visita a los portales institucionales del Ajuntament de Muro de Alcoy se efect\u00faa en forma an\u00f3nima. Solamente para poder acceder a alguno de los servicios de la web que [&hellip;]<\/p>\n","protected":false},"author":1,"featured_media":0,"parent":58727,"menu_order":0,"comment_status":"closed","ping_status":"closed","template":"","meta":{"_et_pb_use_builder":"on","_et_pb_old_content":"","_et_gb_content_width":"","footnotes":""},"class_list":["post-36048","page","type-page","status-publish","hentry"],"yoast_head":"<!-- This site is optimized with the Yoast SEO plugin v27.1.1 - https:\/\/yoast.com\/product\/yoast-seo-wordpress\/ -->\n<title>Pol\u00edtica de privacidad | Ajuntament de Muro<\/title>\n<meta name=\"robots\" content=\"index, follow, max-snippet:-1, max-image-preview:large, max-video-preview:-1\" \/>\n<link rel=\"canonical\" href=\"https:\/\/www.vilademuro.net\/es\/aviso-legal-y-privacidad\/politica-de-privacidad\/\" \/>\n<meta property=\"og:locale\" content=\"es_ES\" \/>\n<meta property=\"og:type\" content=\"article\" \/>\n<meta property=\"og:title\" content=\"Pol\u00edtica de privacidad | Ajuntament de Muro\" \/>\n<meta property=\"og:description\" content=\"La visita a los portales institucionales del Ajuntament de Muro de Alcoy se efect\u00faa en forma an\u00f3nima. Solamente para poder acceder a alguno de los servicios de la web que [&hellip;]\" \/>\n<meta property=\"og:url\" content=\"https:\/\/www.vilademuro.net\/es\/aviso-legal-y-privacidad\/politica-de-privacidad\/\" \/>\n<meta property=\"og:site_name\" content=\"Ajuntament de Muro\" \/>\n<meta property=\"article:publisher\" content=\"https:\/\/www.facebook.com\/murodealcoy\" \/>\n<meta property=\"article:modified_time\" content=\"2023-05-23T10:14:17+00:00\" \/>\n<meta property=\"og:image\" content=\"https:\/\/www.vilademuro.net\/wp-content\/uploads\/2019\/12\/logo-color-e1585225385776.jpg\" \/>\n\t<meta property=\"og:image:width\" content=\"30\" \/>\n\t<meta property=\"og:image:height\" content=\"59\" \/>\n\t<meta property=\"og:image:type\" content=\"image\/jpeg\" \/>\n<meta name=\"twitter:card\" content=\"summary_large_image\" \/>\n<meta name=\"twitter:site\" content=\"@AjuntamentMuro\" \/>\n<meta name=\"twitter:label1\" content=\"Tiempo de lectura\" \/>\n\t<meta name=\"twitter:data1\" content=\"8 minutos\" \/>\n<script type=\"application\/ld+json\" class=\"yoast-schema-graph\">{\"@context\":\"https:\/\/schema.org\",\"@graph\":[{\"@type\":\"WebPage\",\"@id\":\"https:\/\/www.vilademuro.net\/es\/aviso-legal-y-privacidad\/politica-de-privacidad\/\",\"url\":\"https:\/\/www.vilademuro.net\/es\/aviso-legal-y-privacidad\/politica-de-privacidad\/\",\"name\":\"Pol\u00edtica de privacidad | Ajuntament de Muro\",\"isPartOf\":{\"@id\":\"https:\/\/www.vilademuro.net\/es\/#website\"},\"datePublished\":\"2020-02-06T08:11:55+00:00\",\"dateModified\":\"2023-05-23T10:14:17+00:00\",\"breadcrumb\":{\"@id\":\"https:\/\/www.vilademuro.net\/es\/aviso-legal-y-privacidad\/politica-de-privacidad\/#breadcrumb\"},\"inLanguage\":\"es\",\"potentialAction\":[{\"@type\":\"ReadAction\",\"target\":[\"https:\/\/www.vilademuro.net\/es\/aviso-legal-y-privacidad\/politica-de-privacidad\/\"]}]},{\"@type\":\"BreadcrumbList\",\"@id\":\"https:\/\/www.vilademuro.net\/es\/aviso-legal-y-privacidad\/politica-de-privacidad\/#breadcrumb\",\"itemListElement\":[{\"@type\":\"ListItem\",\"position\":1,\"name\":\"Inici\",\"item\":\"https:\/\/www.vilademuro.net\/es\/\"},{\"@type\":\"ListItem\",\"position\":2,\"name\":\"Pol\u00edtica de privacidad\"}]},{\"@type\":\"WebSite\",\"@id\":\"https:\/\/www.vilademuro.net\/es\/#website\",\"url\":\"https:\/\/www.vilademuro.net\/es\/\",\"name\":\"Ajuntament de Muro d'Alcoi\",\"description\":\"P\u00e1gina web oficial de l&#039;Ajuntament de Muro\",\"publisher\":{\"@id\":\"https:\/\/www.vilademuro.net\/es\/#organization\"},\"potentialAction\":[{\"@type\":\"SearchAction\",\"target\":{\"@type\":\"EntryPoint\",\"urlTemplate\":\"https:\/\/www.vilademuro.net\/es\/?s={search_term_string}\"},\"query-input\":{\"@type\":\"PropertyValueSpecification\",\"valueRequired\":true,\"valueName\":\"search_term_string\"}}],\"inLanguage\":\"es\"},{\"@type\":\"Organization\",\"@id\":\"https:\/\/www.vilademuro.net\/es\/#organization\",\"name\":\"Ajuntament de Muro\",\"url\":\"https:\/\/www.vilademuro.net\/es\/\",\"logo\":{\"@type\":\"ImageObject\",\"inLanguage\":\"es\",\"@id\":\"https:\/\/www.vilademuro.net\/es\/#\/schema\/logo\/image\/\",\"url\":\"https:\/\/www.vilademuro.net\/wp-content\/uploads\/2022\/10\/LOGO3-2.jpg\",\"contentUrl\":\"https:\/\/www.vilademuro.net\/wp-content\/uploads\/2022\/10\/LOGO3-2.jpg\",\"width\":756,\"height\":517,\"caption\":\"Ajuntament de Muro\"},\"image\":{\"@id\":\"https:\/\/www.vilademuro.net\/es\/#\/schema\/logo\/image\/\"},\"sameAs\":[\"https:\/\/www.facebook.com\/murodealcoy\",\"https:\/\/x.com\/AjuntamentMuro\",\"https:\/\/www.youtube.com\/channel\/UC2rwbKfRqsd1Ncwm6Y1prQw\"]}]}<\/script>\n<!-- \/ Yoast SEO plugin. -->","yoast_head_json":{"title":"Pol\u00edtica de privacidad | Ajuntament de Muro","robots":{"index":"index","follow":"follow","max-snippet":"max-snippet:-1","max-image-preview":"max-image-preview:large","max-video-preview":"max-video-preview:-1"},"canonical":"https:\/\/www.vilademuro.net\/es\/aviso-legal-y-privacidad\/politica-de-privacidad\/","og_locale":"es_ES","og_type":"article","og_title":"Pol\u00edtica de privacidad | Ajuntament de Muro","og_description":"La visita a los portales institucionales del Ajuntament de Muro de Alcoy se efect\u00faa en forma an\u00f3nima. Solamente para poder acceder a alguno de los servicios de la web que [&hellip;]","og_url":"https:\/\/www.vilademuro.net\/es\/aviso-legal-y-privacidad\/politica-de-privacidad\/","og_site_name":"Ajuntament de Muro","article_publisher":"https:\/\/www.facebook.com\/murodealcoy","article_modified_time":"2023-05-23T10:14:17+00:00","og_image":[{"width":30,"height":59,"url":"https:\/\/www.vilademuro.net\/wp-content\/uploads\/2019\/12\/logo-color-e1585225385776.jpg","type":"image\/jpeg"}],"twitter_card":"summary_large_image","twitter_site":"@AjuntamentMuro","twitter_misc":{"Tiempo de lectura":"8 minutos"},"schema":{"@context":"https:\/\/schema.org","@graph":[{"@type":"WebPage","@id":"https:\/\/www.vilademuro.net\/es\/aviso-legal-y-privacidad\/politica-de-privacidad\/","url":"https:\/\/www.vilademuro.net\/es\/aviso-legal-y-privacidad\/politica-de-privacidad\/","name":"Pol\u00edtica de privacidad | Ajuntament de Muro","isPartOf":{"@id":"https:\/\/www.vilademuro.net\/es\/#website"},"datePublished":"2020-02-06T08:11:55+00:00","dateModified":"2023-05-23T10:14:17+00:00","breadcrumb":{"@id":"https:\/\/www.vilademuro.net\/es\/aviso-legal-y-privacidad\/politica-de-privacidad\/#breadcrumb"},"inLanguage":"es","potentialAction":[{"@type":"ReadAction","target":["https:\/\/www.vilademuro.net\/es\/aviso-legal-y-privacidad\/politica-de-privacidad\/"]}]},{"@type":"BreadcrumbList","@id":"https:\/\/www.vilademuro.net\/es\/aviso-legal-y-privacidad\/politica-de-privacidad\/#breadcrumb","itemListElement":[{"@type":"ListItem","position":1,"name":"Inici","item":"https:\/\/www.vilademuro.net\/es\/"},{"@type":"ListItem","position":2,"name":"Pol\u00edtica de privacidad"}]},{"@type":"WebSite","@id":"https:\/\/www.vilademuro.net\/es\/#website","url":"https:\/\/www.vilademuro.net\/es\/","name":"Ajuntament de Muro d'Alcoi","description":"P\u00e1gina web oficial de l&#039;Ajuntament de Muro","publisher":{"@id":"https:\/\/www.vilademuro.net\/es\/#organization"},"potentialAction":[{"@type":"SearchAction","target":{"@type":"EntryPoint","urlTemplate":"https:\/\/www.vilademuro.net\/es\/?s={search_term_string}"},"query-input":{"@type":"PropertyValueSpecification","valueRequired":true,"valueName":"search_term_string"}}],"inLanguage":"es"},{"@type":"Organization","@id":"https:\/\/www.vilademuro.net\/es\/#organization","name":"Ajuntament de Muro","url":"https:\/\/www.vilademuro.net\/es\/","logo":{"@type":"ImageObject","inLanguage":"es","@id":"https:\/\/www.vilademuro.net\/es\/#\/schema\/logo\/image\/","url":"https:\/\/www.vilademuro.net\/wp-content\/uploads\/2022\/10\/LOGO3-2.jpg","contentUrl":"https:\/\/www.vilademuro.net\/wp-content\/uploads\/2022\/10\/LOGO3-2.jpg","width":756,"height":517,"caption":"Ajuntament de Muro"},"image":{"@id":"https:\/\/www.vilademuro.net\/es\/#\/schema\/logo\/image\/"},"sameAs":["https:\/\/www.facebook.com\/murodealcoy","https:\/\/x.com\/AjuntamentMuro","https:\/\/www.youtube.com\/channel\/UC2rwbKfRqsd1Ncwm6Y1prQw"]}]}},"_links":{"self":[{"href":"https:\/\/www.vilademuro.net\/es\/wp-json\/wp\/v2\/pages\/36048","targetHints":{"allow":["GET"]}}],"collection":[{"href":"https:\/\/www.vilademuro.net\/es\/wp-json\/wp\/v2\/pages"}],"about":[{"href":"https:\/\/www.vilademuro.net\/es\/wp-json\/wp\/v2\/types\/page"}],"author":[{"embeddable":true,"href":"https:\/\/www.vilademuro.net\/es\/wp-json\/wp\/v2\/users\/1"}],"replies":[{"embeddable":true,"href":"https:\/\/www.vilademuro.net\/es\/wp-json\/wp\/v2\/comments?post=36048"}],"version-history":[{"count":0,"href":"https:\/\/www.vilademuro.net\/es\/wp-json\/wp\/v2\/pages\/36048\/revisions"}],"up":[{"embeddable":true,"href":"https:\/\/www.vilademuro.net\/es\/wp-json\/wp\/v2\/pages\/58727"}],"wp:attachment":[{"href":"https:\/\/www.vilademuro.net\/es\/wp-json\/wp\/v2\/media?parent=36048"}],"curies":[{"name":"wp","href":"https:\/\/api.w.org\/{rel}","templated":true}]}}