{"id":35484,"date":"2019-12-11T09:16:46","date_gmt":"2019-12-11T08:16:46","guid":{"rendered":"https:\/\/www.vilademuro.net\/informacion-util\/"},"modified":"2023-10-04T08:56:47","modified_gmt":"2023-10-04T06:56:47","slug":"informacion-util","status":"publish","type":"page","link":"https:\/\/www.vilademuro.net\/es\/informacion-util\/","title":{"rendered":"Informaci\u00f3n \u00fatil"},"content":{"rendered":"<p>[et_pb_section fb_built=\u00bb1&#8243; fullwidth=\u00bbon\u00bb module_id=\u00bbagenda\u00bb _builder_version=\u00bb4.16&#8243; global_colors_info=\u00bb{}\u00bb theme_builder_area=\u00bbpost_content\u00bb][et_pb_fullwidth_header title=\u00bbAgenda de Muro\u00bb subhead=\u00bbConsulta aqu\u00ed las noticias y el calendario de eventos, con todas las actividades programadas por el Ayuntamiento\u00bb button_one_text=\u00bbVer eventos\u00bb button_one_url=\u00bb\/events\u00bb button_two_text=\u00bbLeer Noticias\u00bb _builder_version=\u00bb4.16&#8243; background_enable_color=\u00bboff\u00bb use_background_color_gradient=\u00bbon\u00bb background_color_gradient_stops=\u00bb#ffffff 7%|rgba(255,255,255,0.04) 100%\u00bb background_color_gradient_start=\u00bb#ffffff\u00bb background_color_gradient_start_position=\u00bb7%\u00bb background_color_gradient_end=\u00bbrgba(255,255,255,0.04)\u00bb background_image=\u00bbhttps:\/\/www.vilademuro.net\/wp-content\/uploads\/2020\/01\/vistas-muro.jpg\u00bb background_blend=\u00bboverlay\u00bb custom_button_one=\u00bbon\u00bb button_one_text_size=\u00bb18px\u00bb button_one_text_color=\u00bb#ffffff\u00bb button_one_bg_color=\u00bb#89AD1D\u00bb custom_button_two=\u00bbon\u00bb button_two_text_size=\u00bb18px\u00bb button_two_text_color=\u00bb#89AD1D\u00bb button_two_bg_color=\u00bb#ffffff\u00bb background_layout=\u00bblight\u00bb custom_padding=\u00bb||8vw||false|false\u00bb link_option_url=\u00bb\/events\u00bb global_colors_info=\u00bb{}\u00bb theme_builder_area=\u00bbpost_content\u00bb][\/et_pb_fullwidth_header][\/et_pb_section][et_pb_section fb_built=\u00bb1&#8243; module_id=\u00bbcallejero\u00bb _builder_version=\u00bb4.22.1&#8243; background_color=\u00bb#f3f3f3&#8243; custom_padding=\u00bb50px||0px||false|false\u00bb hover_enabled=\u00bb0&#8243; global_colors_info=\u00bb{}\u00bb theme_builder_area=\u00bbpost_content\u00bb sticky_enabled=\u00bb0&#8243;][et_pb_row column_structure=\u00bb1_3,1_3,1_3&#8243; _builder_version=\u00bb4.16&#8243; width=\u00bb95%\u00bb max_width=\u00bb90%\u00bb global_colors_info=\u00bb{}\u00bb theme_builder_area=\u00bbpost_content\u00bb][et_pb_column type=\u00bb1_3&#8243; _builder_version=\u00bb4.16&#8243; global_colors_info=\u00bb{}\u00bb theme_builder_area=\u00bbpost_content\u00bb][et_pb_blurb title=\u00bbCallejero\u00bb use_icon=\u00bbon\u00bb font_icon=\u00bb&#xe01f;||divi||400&#8243; icon_color=\u00bb#89AD1D\u00bb image_icon_width=\u00bb100px\u00bb _builder_version=\u00bb4.16&#8243; header_font=\u00bb|700|||||||\u00bb header_text_color=\u00bb#757575&#8243; header_font_size=\u00bb32px\u00bb text_orientation=\u00bbcenter\u00bb icon_font_size=\u00bb100px\u00bb global_colors_info=\u00bb{}\u00bb theme_builder_area=\u00bbpost_content\u00bb]&nbsp;<\/p>\n<p><a title=\"Guia de carrers online GEONET\" href=\"https:\/\/callejero.geonet.es\/Muro_de_Alcoy\/\" target=\"_blank\" rel=\"noopener noreferrer\">Guia de carrers online GEONET<\/a><\/p>\n<p><a href=\"https:\/\/www.vilademuro.net\/wp-content\/uploads\/2020\/01\/Callejero.pdf\" rel=\"attachment wp-att-33060\">Guia de carrers<\/a><\/p>\n<p><a href=\"https:\/\/www.vilademuro.net\/wp-content\/uploads\/2020\/01\/PARTIDAS-Y-CAMINOS.pdf\" rel=\"attachment wp-att-33062\">Partides i camins<\/a><br \/>\n[\/et_pb_blurb][\/et_pb_column][et_pb_column type=\u00bb1_3&#8243; _builder_version=\u00bb4.16&#8243; global_colors_info=\u00bb{}\u00bb theme_builder_area=\u00bbpost_content\u00bb][et_pb_blurb title=\u00bbDescarga de los planos de Muro\u00bb image=\u00bbhttps:\/\/www.vilademuro.net\/wp-content\/uploads\/2019\/12\/pedania-turballos.jpg\u00bb image_icon_width=\u00bb62%\u00bb _builder_version=\u00bb4.16&#8243; header_font=\u00bb|600|||||||\u00bb header_text_align=\u00bbcenter\u00bb background_color=\u00bbrgba(137,173,29,0.13)\u00bb custom_padding=\u00bb20px|20px|20px|20px|false|false\u00bb image_max_width=\u00bb62%\u00bb locked=\u00bboff\u00bb global_colors_info=\u00bb{}\u00bb theme_builder_area=\u00bbpost_content\u00bb]<\/p>\n<ul>\n<li><a href=\"https:\/\/www.vilademuro.net\/admin\/lib\/ckfinder\/userfiles\/images\/Areas\/Turismo\/Transports\/planolmuro.JPG\" target=\"_blank\" rel=\"noopener noreferrer\">Guia de carreres del poble<\/a><\/li>\n<li><a href=\"https:\/\/www.vilademuro.net\/admin\/lib\/ckfinder\/userfiles\/images\/Areas\/Turismo\/Transports\/planol-la-plana.pdf\" target=\"_blank\" rel=\"noopener noreferrer\">Pl\u00e0nols de La Plana<\/a><\/li>\n<li><a href=\"https:\/\/www.vilademuro.net\/admin\/lib\/ckfinder\/userfiles\/images\/Areas\/Turismo\/Transports\/planol-pinar.pdf\" target=\"_blank\" rel=\"noopener noreferrer\">Pl\u00e0nol Partida El Pinar<\/a><\/li>\n<li><a href=\"https:\/\/www.vilademuro.net\/admin\/lib\/ckfinder\/userfiles\/images\/Areas\/Turismo\/Transports\/planol-pedanies.pdf\" target=\"_blank\" rel=\"noopener noreferrer\">Pl\u00e0nols Pedanies<\/a><\/li>\n<\/ul>\n<p>[\/et_pb_blurb][\/et_pb_column][et_pb_column type=\u00bb1_3&#8243; _builder_version=\u00bb4.16&#8243; global_colors_info=\u00bb{}\u00bb theme_builder_area=\u00bbpost_content\u00bb][et_pb_sidebar area=\u00bbet_pb_widget_area_4&#8243; show_border=\u00bboff\u00bb _builder_version=\u00bb4.16&#8243; global_colors_info=\u00bb{}\u00bb theme_builder_area=\u00bbpost_content\u00bb]<br \/>\n[\/et_pb_sidebar][et_pb_blurb title=\u00bbFarm\u00e1cias de guardia\u00bb url=\u00bbhttps:\/\/www.cofalicante.com\/farmacias-de-guardia\/\u00bb url_new_window=\u00bbon\u00bb use_icon=\u00bbon\u00bb font_icon=\u00bb&#xe028;||divi||400&#8243; icon_color=\u00bb#89AD1D\u00bb image_icon_width=\u00bb53px\u00bb _builder_version=\u00bb4.16&#8243; header_font=\u00bb|700|||||||\u00bb header_text_color=\u00bb#757575&#8243; header_font_size=\u00bb20px\u00bb text_orientation=\u00bbcenter\u00bb link_option_url=\u00bbhttps:\/\/www.cofalicante.com\/farmacias-de-guardia\/\u00bb link_option_url_new_window=\u00bbon\u00bb icon_font_size=\u00bb53px\u00bb global_colors_info=\u00bb{}\u00bb theme_builder_area=\u00bbpost_content\u00bb][\/et_pb_blurb][\/et_pb_column][\/et_pb_row][\/et_pb_section]<\/p>\n","protected":false},"excerpt":{"rendered":"<p>&nbsp; Guia de carrers online GEONET Guia de carrers Partides i camins Guia de carreres del poble Pl\u00e0nols de La Plana Pl\u00e0nol Partida El Pinar Pl\u00e0nols Pedanies<\/p>\n","protected":false},"author":1,"featured_media":0,"parent":0,"menu_order":0,"comment_status":"closed","ping_status":"closed","template":"","meta":{"_et_pb_use_builder":"on","_et_pb_old_content":"","_et_gb_content_width":"","footnotes":""},"class_list":["post-35484","page","type-page","status-publish","hentry"],"yoast_head":"<!-- This site is optimized with the Yoast SEO plugin v27.1.1 - https:\/\/yoast.com\/product\/yoast-seo-wordpress\/ -->\n<title>Informaci\u00f3n \u00fatil | Ajuntament de Muro<\/title>\n<meta name=\"robots\" content=\"index, follow, max-snippet:-1, max-image-preview:large, max-video-preview:-1\" \/>\n<link rel=\"canonical\" href=\"https:\/\/www.vilademuro.net\/es\/informacion-util\/\" \/>\n<meta property=\"og:locale\" content=\"es_ES\" \/>\n<meta property=\"og:type\" content=\"article\" \/>\n<meta property=\"og:title\" content=\"Informaci\u00f3n \u00fatil | Ajuntament de Muro\" \/>\n<meta property=\"og:description\" content=\"&nbsp; Guia de carrers online GEONET Guia de carrers Partides i camins Guia de carreres del poble Pl\u00e0nols de La Plana Pl\u00e0nol Partida El Pinar Pl\u00e0nols Pedanies\" \/>\n<meta property=\"og:url\" content=\"https:\/\/www.vilademuro.net\/es\/informacion-util\/\" \/>\n<meta property=\"og:site_name\" content=\"Ajuntament de Muro\" \/>\n<meta property=\"article:publisher\" content=\"https:\/\/www.facebook.com\/murodealcoy\" \/>\n<meta property=\"article:modified_time\" content=\"2023-10-04T06:56:47+00:00\" \/>\n<meta property=\"og:image\" content=\"https:\/\/www.vilademuro.net\/wp-content\/uploads\/2019\/12\/logo-color-e1585225385776.jpg\" \/>\n\t<meta property=\"og:image:width\" content=\"30\" \/>\n\t<meta property=\"og:image:height\" content=\"59\" \/>\n\t<meta property=\"og:image:type\" content=\"image\/jpeg\" \/>\n<meta name=\"twitter:card\" content=\"summary_large_image\" \/>\n<meta name=\"twitter:site\" content=\"@AjuntamentMuro\" \/>\n<meta name=\"twitter:label1\" content=\"Tiempo de lectura\" \/>\n\t<meta name=\"twitter:data1\" content=\"3 minutos\" \/>\n<script type=\"application\/ld+json\" class=\"yoast-schema-graph\">{\"@context\":\"https:\/\/schema.org\",\"@graph\":[{\"@type\":\"WebPage\",\"@id\":\"https:\/\/www.vilademuro.net\/es\/informacion-util\/\",\"url\":\"https:\/\/www.vilademuro.net\/es\/informacion-util\/\",\"name\":\"Informaci\u00f3n \u00fatil | Ajuntament de Muro\",\"isPartOf\":{\"@id\":\"https:\/\/www.vilademuro.net\/es\/#website\"},\"datePublished\":\"2019-12-11T08:16:46+00:00\",\"dateModified\":\"2023-10-04T06:56:47+00:00\",\"breadcrumb\":{\"@id\":\"https:\/\/www.vilademuro.net\/es\/informacion-util\/#breadcrumb\"},\"inLanguage\":\"es\",\"potentialAction\":[{\"@type\":\"ReadAction\",\"target\":[\"https:\/\/www.vilademuro.net\/es\/informacion-util\/\"]}]},{\"@type\":\"BreadcrumbList\",\"@id\":\"https:\/\/www.vilademuro.net\/es\/informacion-util\/#breadcrumb\",\"itemListElement\":[{\"@type\":\"ListItem\",\"position\":1,\"name\":\"Inici\",\"item\":\"https:\/\/www.vilademuro.net\/es\/\"},{\"@type\":\"ListItem\",\"position\":2,\"name\":\"Informaci\u00f3n \u00fatil\"}]},{\"@type\":\"WebSite\",\"@id\":\"https:\/\/www.vilademuro.net\/es\/#website\",\"url\":\"https:\/\/www.vilademuro.net\/es\/\",\"name\":\"Ajuntament de Muro d'Alcoi\",\"description\":\"P\u00e1gina web oficial de l&#039;Ajuntament de Muro\",\"publisher\":{\"@id\":\"https:\/\/www.vilademuro.net\/es\/#organization\"},\"potentialAction\":[{\"@type\":\"SearchAction\",\"target\":{\"@type\":\"EntryPoint\",\"urlTemplate\":\"https:\/\/www.vilademuro.net\/es\/?s={search_term_string}\"},\"query-input\":{\"@type\":\"PropertyValueSpecification\",\"valueRequired\":true,\"valueName\":\"search_term_string\"}}],\"inLanguage\":\"es\"},{\"@type\":\"Organization\",\"@id\":\"https:\/\/www.vilademuro.net\/es\/#organization\",\"name\":\"Ajuntament de Muro\",\"url\":\"https:\/\/www.vilademuro.net\/es\/\",\"logo\":{\"@type\":\"ImageObject\",\"inLanguage\":\"es\",\"@id\":\"https:\/\/www.vilademuro.net\/es\/#\/schema\/logo\/image\/\",\"url\":\"https:\/\/www.vilademuro.net\/wp-content\/uploads\/2022\/10\/LOGO3-2.jpg\",\"contentUrl\":\"https:\/\/www.vilademuro.net\/wp-content\/uploads\/2022\/10\/LOGO3-2.jpg\",\"width\":756,\"height\":517,\"caption\":\"Ajuntament de Muro\"},\"image\":{\"@id\":\"https:\/\/www.vilademuro.net\/es\/#\/schema\/logo\/image\/\"},\"sameAs\":[\"https:\/\/www.facebook.com\/murodealcoy\",\"https:\/\/x.com\/AjuntamentMuro\",\"https:\/\/www.youtube.com\/channel\/UC2rwbKfRqsd1Ncwm6Y1prQw\"]}]}<\/script>\n<!-- \/ Yoast SEO plugin. -->","yoast_head_json":{"title":"Informaci\u00f3n \u00fatil | Ajuntament de Muro","robots":{"index":"index","follow":"follow","max-snippet":"max-snippet:-1","max-image-preview":"max-image-preview:large","max-video-preview":"max-video-preview:-1"},"canonical":"https:\/\/www.vilademuro.net\/es\/informacion-util\/","og_locale":"es_ES","og_type":"article","og_title":"Informaci\u00f3n \u00fatil | Ajuntament de Muro","og_description":"&nbsp; Guia de carrers online GEONET Guia de carrers Partides i camins Guia de carreres del poble Pl\u00e0nols de La Plana Pl\u00e0nol Partida El Pinar Pl\u00e0nols Pedanies","og_url":"https:\/\/www.vilademuro.net\/es\/informacion-util\/","og_site_name":"Ajuntament de Muro","article_publisher":"https:\/\/www.facebook.com\/murodealcoy","article_modified_time":"2023-10-04T06:56:47+00:00","og_image":[{"width":30,"height":59,"url":"https:\/\/www.vilademuro.net\/wp-content\/uploads\/2019\/12\/logo-color-e1585225385776.jpg","type":"image\/jpeg"}],"twitter_card":"summary_large_image","twitter_site":"@AjuntamentMuro","twitter_misc":{"Tiempo de lectura":"3 minutos"},"schema":{"@context":"https:\/\/schema.org","@graph":[{"@type":"WebPage","@id":"https:\/\/www.vilademuro.net\/es\/informacion-util\/","url":"https:\/\/www.vilademuro.net\/es\/informacion-util\/","name":"Informaci\u00f3n \u00fatil | Ajuntament de Muro","isPartOf":{"@id":"https:\/\/www.vilademuro.net\/es\/#website"},"datePublished":"2019-12-11T08:16:46+00:00","dateModified":"2023-10-04T06:56:47+00:00","breadcrumb":{"@id":"https:\/\/www.vilademuro.net\/es\/informacion-util\/#breadcrumb"},"inLanguage":"es","potentialAction":[{"@type":"ReadAction","target":["https:\/\/www.vilademuro.net\/es\/informacion-util\/"]}]},{"@type":"BreadcrumbList","@id":"https:\/\/www.vilademuro.net\/es\/informacion-util\/#breadcrumb","itemListElement":[{"@type":"ListItem","position":1,"name":"Inici","item":"https:\/\/www.vilademuro.net\/es\/"},{"@type":"ListItem","position":2,"name":"Informaci\u00f3n \u00fatil"}]},{"@type":"WebSite","@id":"https:\/\/www.vilademuro.net\/es\/#website","url":"https:\/\/www.vilademuro.net\/es\/","name":"Ajuntament de Muro d'Alcoi","description":"P\u00e1gina web oficial de l&#039;Ajuntament de Muro","publisher":{"@id":"https:\/\/www.vilademuro.net\/es\/#organization"},"potentialAction":[{"@type":"SearchAction","target":{"@type":"EntryPoint","urlTemplate":"https:\/\/www.vilademuro.net\/es\/?s={search_term_string}"},"query-input":{"@type":"PropertyValueSpecification","valueRequired":true,"valueName":"search_term_string"}}],"inLanguage":"es"},{"@type":"Organization","@id":"https:\/\/www.vilademuro.net\/es\/#organization","name":"Ajuntament de Muro","url":"https:\/\/www.vilademuro.net\/es\/","logo":{"@type":"ImageObject","inLanguage":"es","@id":"https:\/\/www.vilademuro.net\/es\/#\/schema\/logo\/image\/","url":"https:\/\/www.vilademuro.net\/wp-content\/uploads\/2022\/10\/LOGO3-2.jpg","contentUrl":"https:\/\/www.vilademuro.net\/wp-content\/uploads\/2022\/10\/LOGO3-2.jpg","width":756,"height":517,"caption":"Ajuntament de Muro"},"image":{"@id":"https:\/\/www.vilademuro.net\/es\/#\/schema\/logo\/image\/"},"sameAs":["https:\/\/www.facebook.com\/murodealcoy","https:\/\/x.com\/AjuntamentMuro","https:\/\/www.youtube.com\/channel\/UC2rwbKfRqsd1Ncwm6Y1prQw"]}]}},"_links":{"self":[{"href":"https:\/\/www.vilademuro.net\/es\/wp-json\/wp\/v2\/pages\/35484","targetHints":{"allow":["GET"]}}],"collection":[{"href":"https:\/\/www.vilademuro.net\/es\/wp-json\/wp\/v2\/pages"}],"about":[{"href":"https:\/\/www.vilademuro.net\/es\/wp-json\/wp\/v2\/types\/page"}],"author":[{"embeddable":true,"href":"https:\/\/www.vilademuro.net\/es\/wp-json\/wp\/v2\/users\/1"}],"replies":[{"embeddable":true,"href":"https:\/\/www.vilademuro.net\/es\/wp-json\/wp\/v2\/comments?post=35484"}],"version-history":[{"count":0,"href":"https:\/\/www.vilademuro.net\/es\/wp-json\/wp\/v2\/pages\/35484\/revisions"}],"wp:attachment":[{"href":"https:\/\/www.vilademuro.net\/es\/wp-json\/wp\/v2\/media?parent=35484"}],"curies":[{"name":"wp","href":"https:\/\/api.w.org\/{rel}","templated":true}]}}